{"id":101,"date":"2025-07-16T17:10:10","date_gmt":"2025-07-16T17:10:10","guid":{"rendered":"https:\/\/psychologue-paris.com\/?page_id=101"},"modified":"2025-07-17T17:58:18","modified_gmt":"2025-07-17T17:58:18","slug":"mal-etre","status":"publish","type":"page","link":"https:\/\/psychologue-paris.com\/?page_id=101","title":{"rendered":"Mal-\u00eatre"},"content":{"rendered":"\n<h3 class=\"wp-block-heading\"><a>Vaincre son mal-\u00eatre avec un psychanalyste<\/a><\/h3>\n\n\n\n<p>Qui d&rsquo;entre nous n&rsquo;a pas un jour \u00e9t\u00e9 confront\u00e9 \u00e0 des\u00a0<strong><a href=\"https:\/\/psychologue-paris.com\/?page_id=105\" data-type=\"page\" data-id=\"105\" target=\"_blank\" rel=\"noreferrer noopener nofollow\">difficult\u00e9s d&rsquo;adaptation<\/a><\/strong>\u00a0ou des\u00a0<strong><a href=\"https:\/\/psychologue-paris.com\/?page_id=105\" data-type=\"page\" data-id=\"105\" target=\"_blank\" rel=\"noreferrer noopener\">difficult\u00e9s relationnelles<\/a><\/strong>, \u00e9t\u00e9 soumis \u00e0 un\u00a0<strong><a href=\"https:\/\/psychologue-paris.com\/?page_id=104\" data-type=\"page\" data-id=\"104\" target=\"_blank\" rel=\"noreferrer noopener\">stress<\/a><\/strong>\u00a0important, d\u00fb faire face \u00e0 des angoisses ou de l&rsquo;<strong><a href=\"https:\/\/psychologue-paris.com\/?page_id=107\" data-type=\"page\" data-id=\"107\" target=\"_blank\" rel=\"noreferrer noopener\">anxi\u00e9t\u00e9<\/a><\/strong>, \u00e0 un\u00a0<strong><a href=\"https:\/\/psychologue-paris.com\/?page_id=108\" data-type=\"page\" data-id=\"108\" target=\"_blank\" rel=\"noreferrer noopener\">manque de confiance en soi<\/a><\/strong>, voire travers\u00e9 un moment de\u00a0<strong><a href=\"https:\/\/psychologue-paris.com\/?page_id=103\" data-type=\"page\" data-id=\"103\" target=\"_blank\" rel=\"noreferrer noopener\">d\u00e9pression<\/a><\/strong> ? Le mal-\u00eatre alors \u00e9prouv\u00e9 est le plus souvent passager mais il peut aussi s&rsquo;installer de mani\u00e8re durable et profonde.<\/p>\n\n\n\n<p>Avec l&rsquo;aide d&rsquo;un psychologue psychanalyste il est possible de comprendre les origines de cette souffrance et de s&rsquo;en lib\u00e9rer.<\/p>\n","protected":false},"excerpt":{"rendered":"<p>Vaincre son mal-\u00eatre avec un psychanalyste Qui d&rsquo;entre nous n&rsquo;a pas un jour \u00e9t\u00e9 confront\u00e9 \u00e0 des\u00a0difficult\u00e9s d&rsquo;adaptation\u00a0ou des\u00a0difficult\u00e9s relationnelles, \u00e9t\u00e9 soumis \u00e0 un\u00a0stress\u00a0important, d\u00fb faire face \u00e0 des angoisses ou de l&rsquo;anxi\u00e9t\u00e9, \u00e0 un\u00a0manque de confiance en soi, voire travers\u00e9 un moment de\u00a0d\u00e9pression ? Le mal-\u00eatre alors \u00e9prouv\u00e9 est le plus souvent passager&#8230;<\/p>\n<p class=\"read-more\"><a class=\"btn btn-default\" href=\"https:\/\/psychologue-paris.com\/?page_id=101\"> Read More<span class=\"screen-reader-text\">  Read More<\/span><\/a><\/p>\n","protected":false},"author":1,"featured_media":0,"parent":0,"menu_order":0,"comment_status":"closed","ping_status":"closed","template":"","meta":{"footnotes":""},"class_list":["post-101","page","type-page","status-publish","hentry"],"_links":{"self":[{"href":"https:\/\/psychologue-paris.com\/index.php?rest_route=\/wp\/v2\/pages\/101","targetHints":{"allow":["GET"]}}],"collection":[{"href":"https:\/\/psychologue-paris.com\/index.php?rest_route=\/wp\/v2\/pages"}],"about":[{"href":"https:\/\/psychologue-paris.com\/index.php?rest_route=\/wp\/v2\/types\/page"}],"author":[{"embeddable":true,"href":"https:\/\/psychologue-paris.com\/index.php?rest_route=\/wp\/v2\/users\/1"}],"replies":[{"embeddable":true,"href":"https:\/\/psychologue-paris.com\/index.php?rest_route=%2Fwp%2Fv2%2Fcomments&post=101"}],"version-history":[{"count":5,"href":"https:\/\/psychologue-paris.com\/index.php?rest_route=\/wp\/v2\/pages\/101\/revisions"}],"predecessor-version":[{"id":279,"href":"https:\/\/psychologue-paris.com\/index.php?rest_route=\/wp\/v2\/pages\/101\/revisions\/279"}],"wp:attachment":[{"href":"https:\/\/psychologue-paris.com\/index.php?rest_route=%2Fwp%2Fv2%2Fmedia&parent=101"}],"curies":[{"name":"wp","href":"https:\/\/api.w.org\/{rel}","templated":true}]}}