{"id":103,"date":"2025-07-16T17:10:11","date_gmt":"2025-07-16T17:10:11","guid":{"rendered":"https:\/\/psychologue-paris.com\/?page_id=103"},"modified":"2025-07-17T20:31:20","modified_gmt":"2025-07-17T20:31:20","slug":"depression","status":"publish","type":"page","link":"https:\/\/psychologue-paris.com\/?page_id=103","title":{"rendered":"D\u00e9pression"},"content":{"rendered":"\n<p>La d\u00e9pression touche tous les \u00e2ges de la vie, du nourrisson \u00e0 la personne \u00e2g\u00e9e. Au cours de sa vie, un homme sur 10 risque d\u2019\u00eatre un jour touch\u00e9 par la d\u00e9pression et une femme sur 5. Si certains sympt\u00f4mes sont communs \u00e0 tous les \u00e2ges, d\u2019autres diff\u00e8rent.<\/p>\n\n\n\n<h3 class=\"wp-block-heading\">Les sympt\u00f4mes communs pr\u00e9sents chez l\u2019adulte<\/h3>\n\n\n\n<p><strong>La<\/strong> <strong>tristesse<\/strong> envahit les activit\u00e9s quotidiennes \u00e0 tel point que les relations avec les autres deviennent difficiles, la motivation, le go\u00fbt de vivre disparaissent, laissant place \u00e0 un d\u00e9sint\u00e9r\u00eat et un sentiment d\u2019\u00e9chec et une m\u00e9sestime de soi.<\/p>\n\n\n\n<p><strong>Les t\u00e2ches habituelles<\/strong> sont accomplies avec efforts et deviennent p\u00e9nibles, ce qui contribue \u00e0 une certaine irritabilit\u00e9, voire agressivit\u00e9 qui peut alterner avec des phases d\u2019an\u00e9antissement.<\/p>\n\n\n\n<p><strong>Les prises de d\u00e9cision<\/strong> deviennent difficiles voire impossibles.<\/p>\n\n\n\n<p><strong>Les troubles du sommeil<\/strong> font presque toujours partie du tableau de la d\u00e9pression. Bien que fatigu\u00e9e, la personne d\u00e9prim\u00e9e dort mal. Elle souffre d\u2019insomnie, se r\u00e9veille tr\u00e8s t\u00f4t le matin sans pouvoir se rendormir, ou au contraire d\u2019hypersomnie, dort beaucoup plus qu\u2019\u00e0 l\u2019ordinaire, mais d\u2019un sommeil qui n\u2019est pas r\u00e9parateur. La fatigue est plus importante en d\u00e9but de journ\u00e9e et tend \u00e0 c\u00e9der vers 17 heures.<\/p>\n\n\n\n<p><strong>L\u2019angoisse<\/strong> est importante, se traduisant par une boule dans la gorge ou \u00e0 l\u2019estomac, ou encore des palpitations.<\/p>\n\n\n\n<p><strong>L\u2019app\u00e9tit<\/strong> dispara\u00eet et le malade maigrit involontairement (il arrive exceptionnellement que l\u2019app\u00e9tit augmente, avec prise de poids).<\/p>\n\n\n\n<p><strong>Le d\u00e9sir sexuel<\/strong> s\u2019\u00e9mousse.<\/p>\n\n\n\n<p>On observe chez le d\u00e9prim\u00e9 un <strong>ralentissement<\/strong> psychomoteur accompagn\u00e9 d\u2019un ralentissement du fonctionnement cognitif et de troubles de la m\u00e9moire.<\/p>\n\n\n\n<p><strong>Les id\u00e9es suicidaires<\/strong> d\u2019une personne d\u00e9prim\u00e9e sont toujours \u00e0 prendre au s\u00e9rieux.<\/p>\n\n\n\n<p>On parle de <strong>d\u00e9pression masqu\u00e9e<\/strong> en l\u2019absence d\u2019humeur d\u00e9pressive, lorsque des plaintes somatiques sont mises en avant, souvent sous la forme de douleurs qui ne c\u00e8dent pas avec des m\u00e9dicaments.<\/p>\n\n\n\n<h3 class=\"wp-block-heading\">Chez la personne \u00e2g\u00e9e<\/h3>\n\n\n\n<p>Parmi les sympt\u00f4mes d\u00e9pressifs de la personne \u00e2g\u00e9e, on rencontre fr\u00e9quemment des troubles de la m\u00e9moire, de l\u2019orientation et de la vigilance, mais aussi des troubles du jugement ainsi qu\u2019une r\u00e9gression affective.<\/p>\n\n\n\n<h3 class=\"wp-block-heading\">Chez le nourrisson<\/h3>\n\n\n\n<p>On retrouve chez le nourrisson les m\u00eames sympt\u00f4mes que chez l\u2019adulte d\u00e9pressif.<\/p>\n\n\n\n<h3 class=\"wp-block-heading\">Chez l\u2019enfant et l\u2019adolescent<\/h3>\n\n\n\n<p>La d\u00e9pression prend chez l\u2019enfant et l\u2019adolescent des formes particuli\u00e8res. Il s\u2019agit en particulier de <strong>comportements souvent \u00ab&nbsp;bruyants&nbsp;\u00bb<\/strong>, r\u00e9prouv\u00e9s par les adultes qui en ont la charge.<\/p>\n\n\n\n<p>Outre des troubles du sommeil (le plus souvent des difficult\u00e9s d\u2019endormissement), des troubles des conduites alimentaires, les enfants et adolescents d\u00e9pressifs pr\u00e9sentent tr\u00e8s fr\u00e9quemment des <strong>troubles des conduites<\/strong> qui visent \u00e0 lutter contre la d\u00e9pression. Ces troubles s\u2019accompagnent g\u00e9n\u00e9ralement de conduites motrices, \u00e0 tort confondues avec l\u2019hyperactivit\u00e9, de troubles des apprentissages, ou encore d\u2019\u00e9nur\u00e9sie ou d\u2019encopr\u00e9sie.<\/p>\n\n\n\n<p>Face \u00e0 un enfant normalement intelligent en situation d\u2019\u00e9chec scolaire et pr\u00e9sentant plusieurs de ces sympt\u00f4mes pendant plus d\u2019un mois, on peut l\u00e9gitimement se poser la question d\u2019une d\u00e9pression.<\/p>\n\n\n\n<h3 class=\"wp-block-heading\">Les r\u00e9actions de l\u2019entourage<\/h3>\n\n\n\n<p>Face \u00e0 une personne d\u00e9pressive, la premi\u00e8re r\u00e9action de l\u2019entourage est de tenter de la secouer. Or, non seulement ces tentatives sont vaines mais elles ne font que renforcer le sympt\u00f4me d\u00e9pressif, dans la mesure o\u00f9 le malade a le sentiment que ses proches ne le comprennent vraiment pas.<\/p>\n\n\n\n<p>Le propre de la d\u00e9pression est l\u2019\u00e9moussement de l\u2019int\u00e9r\u00eat pour soi et pour les autres, et donc de la volont\u00e9. Il n\u2019est donc pas possible de redonner le go\u00fbt de vivre \u00e0 une personne d\u00e9pressive. Il convient davantage de se montrer compr\u00e9hensif et de <strong>l\u2019inciter \u00e0 consulter<\/strong> son m\u00e9decin qui l\u2019orientera vers un psychologue psychanalyste, car souvent le malade n\u2019a pas lui-m\u00eame conscience de son \u00e9tat d\u00e9pressif.<\/p>\n\n\n\n<h3 class=\"wp-block-heading\">Que faire&nbsp;?<\/h3>\n\n\n\n<p>La d\u00e9pression est encore trop souvent consid\u00e9r\u00e9e comme une maladie honteuse, expression d\u2019une certaine faiblesse de caract\u00e8re. Il n\u2019en est rien. La d\u00e9pression peut appara\u00eetre <strong>\u00e0 tout \u00e2ge de la vie<\/strong>, s\u2019installer sournoisement ou \u00e9clore \u00e0 l\u2019occasion d\u2019un \u00e9v\u00e9nement particulier (on parlera alors de d\u00e9pression r\u00e9actionnelle). Mais dans tous les cas, la d\u00e9pression s\u2019origine dans les <strong>conflits inconscients<\/strong>. C\u2019est pourquoi une psychanalyse ou une psychoth\u00e9rapie analytique permettra de traiter le sympt\u00f4me d\u00e9pressif.<\/p>\n\n\n\n<p>En effet, si les <strong>m\u00e9dicaments<\/strong> contribuent \u00e0 soulager le malade des sympt\u00f4mes les plus invalidants, ils ne gu\u00e9rissent pas de la d\u00e9pression, car ils n\u2019agissent qu\u2019au niveau physiologique. Ils peuvent cependant \u00eatre d\u2019une aide pr\u00e9cieuse dans certains cas, mais doivent \u00eatre mani\u00e9s avec pr\u00e9caution. Leur utilisation n\u2019est n\u00e9anmoins pas incompatible avec un traitement psychanalytique.<\/p>\n\n\n\n<p>Car, malgr\u00e9 le d\u00e9sespoir dont est affect\u00e9e la personne d\u00e9pressive, si elle accepte de demander l\u2019aide n\u00e9cessaire, <strong>elle se sort de la d\u00e9pression<\/strong>.<\/p>\n","protected":false},"excerpt":{"rendered":"<p>La d\u00e9pression touche tous les \u00e2ges de la vie, du nourrisson \u00e0 la personne \u00e2g\u00e9e. Au cours de sa vie, un homme sur 10 risque d\u2019\u00eatre un jour touch\u00e9 par la d\u00e9pression et une femme sur 5. Si certains sympt\u00f4mes sont communs \u00e0 tous les \u00e2ges, d\u2019autres diff\u00e8rent. Les sympt\u00f4mes communs pr\u00e9sents chez l\u2019adulte&#8230;<\/p>\n<p class=\"read-more\"><a class=\"btn btn-default\" href=\"https:\/\/psychologue-paris.com\/?page_id=103\"> Read More<span class=\"screen-reader-text\">  Read More<\/span><\/a><\/p>\n","protected":false},"author":1,"featured_media":0,"parent":0,"menu_order":0,"comment_status":"closed","ping_status":"closed","template":"","meta":{"footnotes":""},"class_list":["post-103","page","type-page","status-publish","hentry"],"_links":{"self":[{"href":"https:\/\/psychologue-paris.com\/index.php?rest_route=\/wp\/v2\/pages\/103","targetHints":{"allow":["GET"]}}],"collection":[{"href":"https:\/\/psychologue-paris.com\/index.php?rest_route=\/wp\/v2\/pages"}],"about":[{"href":"https:\/\/psychologue-paris.com\/index.php?rest_route=\/wp\/v2\/types\/page"}],"author":[{"embeddable":true,"href":"https:\/\/psychologue-paris.com\/index.php?rest_route=\/wp\/v2\/users\/1"}],"replies":[{"embeddable":true,"href":"https:\/\/psychologue-paris.com\/index.php?rest_route=%2Fwp%2Fv2%2Fcomments&post=103"}],"version-history":[{"count":5,"href":"https:\/\/psychologue-paris.com\/index.php?rest_route=\/wp\/v2\/pages\/103\/revisions"}],"predecessor-version":[{"id":379,"href":"https:\/\/psychologue-paris.com\/index.php?rest_route=\/wp\/v2\/pages\/103\/revisions\/379"}],"wp:attachment":[{"href":"https:\/\/psychologue-paris.com\/index.php?rest_route=%2Fwp%2Fv2%2Fmedia&parent=103"}],"curies":[{"name":"wp","href":"https:\/\/api.w.org\/{rel}","templated":true}]}}