{"id":105,"date":"2025-07-16T17:10:11","date_gmt":"2025-07-16T17:10:11","guid":{"rendered":"https:\/\/psychologue-paris.com\/?page_id=105"},"modified":"2025-07-17T20:07:13","modified_gmt":"2025-07-17T20:07:13","slug":"difficultes-relationnelles","status":"publish","type":"page","link":"https:\/\/psychologue-paris.com\/?page_id=105","title":{"rendered":"Difficult\u00e9s relationnelles"},"content":{"rendered":"\n<h3 class=\"wp-block-heading\">Difficult\u00e9s relationnelles<\/h3>\n\n\n\n<p>Les difficult\u00e9s relationnelles peuvent affecter la sph\u00e8re priv\u00e9e, sociale ou professionnelle. Un ou plusieurs domaines peuvent \u00eatre concern\u00e9s en m\u00eame temps.<\/p>\n\n\n\n<p>Il peut s&rsquo;agir de timidit\u00e9, d&rsquo;inhibition, de conflits avec l&rsquo;entourage proche ou les coll\u00e8gues, de repli sur soi, d&rsquo;angoisse \u00e0 prendre la parole en public, m\u00eame si celui-ci est restreint. \u00c0 partir de l&rsquo;adolescence, il peut s\u2019agir de la peur d&rsquo;aborder l&rsquo;autre sexe, avec, dans certains cas, pour cons\u00e9quence des troubles d&rsquo;ordre sexuels.<\/p>\n\n\n\n<p>Quand ces difficult\u00e9s persistent, elles tendent \u00e0 s\u2019ancrer dans le fonctionnement de la personne et peuvent devenir un handicap dans sa vie, handicap qui risque de la conduire \u00e0 l\u2019isolement ou \u00e0 l\u2019\u00e9chec. Un travail psychanalytique est indiqu\u00e9. Il permettra une am\u00e9lioration de la relation aux autres.<\/p>\n\n\n\n<figure class=\"wp-block-image size-full\"><img loading=\"lazy\" decoding=\"async\" width=\"619\" height=\"400\" src=\"https:\/\/psychologue-paris.com\/wp-content\/uploads\/2025\/07\/difficultes-relationnelles.jpg\" alt=\"difficult\u00e9s-relationnelles\" class=\"wp-image-345\" srcset=\"https:\/\/psychologue-paris.com\/wp-content\/uploads\/2025\/07\/difficultes-relationnelles.jpg 619w, https:\/\/psychologue-paris.com\/wp-content\/uploads\/2025\/07\/difficultes-relationnelles-300x194.jpg 300w, https:\/\/psychologue-paris.com\/wp-content\/uploads\/2025\/07\/difficultes-relationnelles-418x270.jpg 418w\" sizes=\"auto, (max-width: 619px) 100vw, 619px\" \/><\/figure>\n\n\n\n<h3 class=\"wp-block-heading\"><a>Difficult\u00e9s d\u2019adaptation<\/a><\/h3>\n\n\n\n<p>Nombre de situations de la vie quotidienne n\u00e9cessitent des capacit\u00e9s d&rsquo;adaptation.<\/p>\n\n\n\n<p>Or le changement peut g\u00e9n\u00e9rer l&rsquo;angoisse et devenir facteur de stress m\u00eame s\u2019il est en lien avec un \u00e9v\u00e9nement <em>a priori<\/em> positif. Il peut s&rsquo;agir d&rsquo;un mariage, d&rsquo;une naissance, d&rsquo;une promotion professionnelle, d&rsquo;un d\u00e9m\u00e9nagement.<\/p>\n\n\n\n<p>Dans d&rsquo;autres cas, ces difficult\u00e9s d&rsquo;adaptation d\u00e9coulent d\u2019un \u00e9v\u00e9nement n\u00e9gatif comme un deuil, une s\u00e9paration, un licenciement, ou toute sorte de perte.<\/p>\n\n\n\n<figure class=\"wp-block-image size-full\"><img loading=\"lazy\" decoding=\"async\" width=\"619\" height=\"414\" src=\"https:\/\/psychologue-paris.com\/wp-content\/uploads\/2025\/07\/rock-902662_960_720.jpg\" alt=\"adaptation-temp\u00eates-\u00e9motionnelles\" class=\"wp-image-348\" srcset=\"https:\/\/psychologue-paris.com\/wp-content\/uploads\/2025\/07\/rock-902662_960_720.jpg 619w, https:\/\/psychologue-paris.com\/wp-content\/uploads\/2025\/07\/rock-902662_960_720-300x201.jpg 300w, https:\/\/psychologue-paris.com\/wp-content\/uploads\/2025\/07\/rock-902662_960_720-404x270.jpg 404w\" sizes=\"auto, (max-width: 619px) 100vw, 619px\" \/><\/figure>\n\n\n\n<p>Il est parfois difficile d\u2019affronter seul certains contextes et demander de l\u2019aide \u00e0 un psychologue psychanalyste permet de comprendre les enjeux et de d\u00e9passer la situation.<\/p>\n","protected":false},"excerpt":{"rendered":"<p>Difficult\u00e9s relationnelles Les difficult\u00e9s relationnelles peuvent affecter la sph\u00e8re priv\u00e9e, sociale ou professionnelle. Un ou plusieurs domaines peuvent \u00eatre concern\u00e9s en m\u00eame temps. Il peut s&rsquo;agir de timidit\u00e9, d&rsquo;inhibition, de conflits avec l&rsquo;entourage proche ou les coll\u00e8gues, de repli sur soi, d&rsquo;angoisse \u00e0 prendre la parole en public, m\u00eame si celui-ci est restreint. \u00c0&#8230;<\/p>\n<p class=\"read-more\"><a class=\"btn btn-default\" href=\"https:\/\/psychologue-paris.com\/?page_id=105\"> Read More<span class=\"screen-reader-text\">  Read More<\/span><\/a><\/p>\n","protected":false},"author":1,"featured_media":0,"parent":0,"menu_order":0,"comment_status":"closed","ping_status":"closed","template":"","meta":{"footnotes":""},"class_list":["post-105","page","type-page","status-publish","hentry"],"_links":{"self":[{"href":"https:\/\/psychologue-paris.com\/index.php?rest_route=\/wp\/v2\/pages\/105","targetHints":{"allow":["GET"]}}],"collection":[{"href":"https:\/\/psychologue-paris.com\/index.php?rest_route=\/wp\/v2\/pages"}],"about":[{"href":"https:\/\/psychologue-paris.com\/index.php?rest_route=\/wp\/v2\/types\/page"}],"author":[{"embeddable":true,"href":"https:\/\/psychologue-paris.com\/index.php?rest_route=\/wp\/v2\/users\/1"}],"replies":[{"embeddable":true,"href":"https:\/\/psychologue-paris.com\/index.php?rest_route=%2Fwp%2Fv2%2Fcomments&post=105"}],"version-history":[{"count":9,"href":"https:\/\/psychologue-paris.com\/index.php?rest_route=\/wp\/v2\/pages\/105\/revisions"}],"predecessor-version":[{"id":351,"href":"https:\/\/psychologue-paris.com\/index.php?rest_route=\/wp\/v2\/pages\/105\/revisions\/351"}],"wp:attachment":[{"href":"https:\/\/psychologue-paris.com\/index.php?rest_route=%2Fwp%2Fv2%2Fmedia&parent=105"}],"curies":[{"name":"wp","href":"https:\/\/api.w.org\/{rel}","templated":true}]}}