{"id":107,"date":"2025-07-16T17:10:11","date_gmt":"2025-07-16T17:10:11","guid":{"rendered":"https:\/\/psychologue-paris.com\/?page_id=107"},"modified":"2025-07-17T20:08:46","modified_gmt":"2025-07-17T20:08:46","slug":"anxiete-angoisse","status":"publish","type":"page","link":"https:\/\/psychologue-paris.com\/?page_id=107","title":{"rendered":"Anxi\u00e9t\u00e9-Angoisse"},"content":{"rendered":"\n<p>L&rsquo;angoisse se distingue de l&rsquo;anxi\u00e9t\u00e9 par son intensit\u00e9.<\/p>\n\n\n\n<p>Certaines situations de la vie g\u00e9n\u00e8rent une anxi\u00e9t\u00e9 normale de bon aloi qui nous permet d\u2019aller de l\u2019avant. Le plus souvent il existe quelque chose de repr\u00e9sentable qui cause cette forme d\u2019anxi\u00e9t\u00e9. L\u2019anxi\u00e9t\u00e9 ne devient pathologique que lorsqu\u2019elle devient envahissante, diffuse, incontr\u00f4lable et constitue un obstacle \u00e0 l\u2019activit\u00e9 normale.<\/p>\n\n\n\n<p>L\u2019angoisse est un affect n\u00e9gatif incontr\u00f4lable fix\u00e9 ou non sur un objet ou un \u00e9v\u00e9nement \u00e0 venir. Elle engendre un mal-\u00eatre g\u00e9n\u00e9ralis\u00e9 parfois tr\u00e8s invalidant dans la vie sociale. Elle est en lien avec des \u00e9v\u00e9nements anciens de notre petite enfance, \u00e9v\u00e9nements devenus inconscients parce que nous les avons refoul\u00e9s.<\/p>\n\n\n\n<figure class=\"wp-block-image size-full\"><img loading=\"lazy\" decoding=\"async\" width=\"619\" height=\"395\" src=\"https:\/\/psychologue-paris.com\/wp-content\/uploads\/2025\/07\/fear-5462288_960_720.jpg\" alt=\"\" class=\"wp-image-352\" srcset=\"https:\/\/psychologue-paris.com\/wp-content\/uploads\/2025\/07\/fear-5462288_960_720.jpg 619w, https:\/\/psychologue-paris.com\/wp-content\/uploads\/2025\/07\/fear-5462288_960_720-300x191.jpg 300w, https:\/\/psychologue-paris.com\/wp-content\/uploads\/2025\/07\/fear-5462288_960_720-423x270.jpg 423w\" sizes=\"auto, (max-width: 619px) 100vw, 619px\" \/><\/figure>\n\n\n\n<p>Avec l\u2019aide d\u2019un psychologue psychanalyste, il est possible de remonter \u00e0 l\u2019origine de ces troubles et de s\u2019en lib\u00e9rer.<\/p>\n","protected":false},"excerpt":{"rendered":"<p>L&rsquo;angoisse se distingue de l&rsquo;anxi\u00e9t\u00e9 par son intensit\u00e9. Certaines situations de la vie g\u00e9n\u00e8rent une anxi\u00e9t\u00e9 normale de bon aloi qui nous permet d\u2019aller de l\u2019avant. Le plus souvent il existe quelque chose de repr\u00e9sentable qui cause cette forme d\u2019anxi\u00e9t\u00e9. L\u2019anxi\u00e9t\u00e9 ne devient pathologique que lorsqu\u2019elle devient envahissante, diffuse, incontr\u00f4lable et constitue un obstacle&#8230;<\/p>\n<p class=\"read-more\"><a class=\"btn btn-default\" href=\"https:\/\/psychologue-paris.com\/?page_id=107\"> Read More<span class=\"screen-reader-text\">  Read More<\/span><\/a><\/p>\n","protected":false},"author":1,"featured_media":0,"parent":0,"menu_order":0,"comment_status":"closed","ping_status":"closed","template":"","meta":{"footnotes":""},"class_list":["post-107","page","type-page","status-publish","hentry"],"_links":{"self":[{"href":"https:\/\/psychologue-paris.com\/index.php?rest_route=\/wp\/v2\/pages\/107","targetHints":{"allow":["GET"]}}],"collection":[{"href":"https:\/\/psychologue-paris.com\/index.php?rest_route=\/wp\/v2\/pages"}],"about":[{"href":"https:\/\/psychologue-paris.com\/index.php?rest_route=\/wp\/v2\/types\/page"}],"author":[{"embeddable":true,"href":"https:\/\/psychologue-paris.com\/index.php?rest_route=\/wp\/v2\/users\/1"}],"replies":[{"embeddable":true,"href":"https:\/\/psychologue-paris.com\/index.php?rest_route=%2Fwp%2Fv2%2Fcomments&post=107"}],"version-history":[{"count":3,"href":"https:\/\/psychologue-paris.com\/index.php?rest_route=\/wp\/v2\/pages\/107\/revisions"}],"predecessor-version":[{"id":353,"href":"https:\/\/psychologue-paris.com\/index.php?rest_route=\/wp\/v2\/pages\/107\/revisions\/353"}],"wp:attachment":[{"href":"https:\/\/psychologue-paris.com\/index.php?rest_route=%2Fwp%2Fv2%2Fmedia&parent=107"}],"curies":[{"name":"wp","href":"https:\/\/api.w.org\/{rel}","templated":true}]}}