{"id":141,"date":"2025-07-16T18:22:25","date_gmt":"2025-07-16T18:22:25","guid":{"rendered":"https:\/\/psychologue-paris.com\/?page_id=141"},"modified":"2025-07-17T17:46:49","modified_gmt":"2025-07-17T17:46:49","slug":"haut-potentiel-intellectuel","status":"publish","type":"page","link":"https:\/\/psychologue-paris.com\/?page_id=141","title":{"rendered":"Haut potentiel intellectuel"},"content":{"rendered":"\n<h3 class=\"wp-block-heading\"><a>Faire une th\u00e9rapie avec une sp\u00e9cialiste du Haut Potentiel Intellectuel (HPI)<\/a><\/h3>\n\n\n\n<p>Diff\u00e9rents termes sont utilis\u00e9s pour d\u00e9signer les personnes ayant un quotient intellectuel sup\u00e9rieur \u00e0 la moyenne. On parle d\u2019enfants pr\u00e9coces, de surdou\u00e9s, de HPI ou encore de z\u00e8bres.<\/p>\n\n\n\n<h3 class=\"wp-block-heading\"><a>Quelles sont les caract\u00e9ristiques des HPI\u00a0?<\/a>\u00a0<\/h3>\n\n\n\n<p>Il est impossible d\u2019\u00e9tablir une liste exhaustive des caract\u00e9ristiques des HPI, car il s\u2019agit plut\u00f4t de traits communs aux personnes HPI, traits qu\u2019elles ne poss\u00e8dent bien s\u00fbr pas dans leur int\u00e9gralit\u00e9.<\/p>\n\n\n\n<p>Dans l\u2019ensemble, on peut mettre en avant les caract\u00e9ristiques suivantes&nbsp;:<\/p>\n\n\n\n<ul class=\"wp-block-list\">\n<li>L\u2019enfant pr\u00e9coce, comme son nom l\u2019indique, <strong>parle g\u00e9n\u00e9ralement plus t\u00f4t<\/strong> que la moyenne des enfants de son \u00e2ge.<\/li>\n\n\n\n<li>Il peut <strong>apprendre \u00e0 lire seul, parfois tr\u00e8s t\u00f4t<\/strong>, bien avant le passage en CP. Cependant certains enfants HPI n\u2019apprendront la lecture qu\u2019en CP mais beaucoup plus rapidement que leurs camarades.<\/li>\n\n\n\n<li>Il fait montre d\u2019une <strong>grande curiosit\u00e9<\/strong> et d\u2019une <strong>grande rapidit\u00e9 \u00e0 traiter l\u2019information<\/strong>, souvent avec une <strong>pens\u00e9e en arborescence<\/strong>. Cette <strong>vivacit\u00e9 d\u2019esprit<\/strong> due \u00e0 un fonctionnement cognitif particulier peut tant\u00f4t \u00eatre un atout, tant\u00f4t un handicap dans les apprentissages. En effet, parfois l\u2019enfant HPI entre dans un questionnement sans fin qui l\u2019\u00e9loigne de la r\u00e9solution du probl\u00e8me.<\/li>\n\n\n\n<li>Le HPI a besoin de <strong>donner un sens<\/strong> \u00e0 ce qu\u2019il vit, d\u2019o\u00f9 de nombreux questionnements et un cerveau qui tourne en permanence.<\/li>\n\n\n\n<li><strong>L\u2019hyper\u00e9motivit\u00e9<\/strong> est \u00e9galement fr\u00e9quente chez les enfants et les adultes HPI s\u2019ils n\u2019ont pas engag\u00e9 un travail psychoth\u00e9rapeutique.<\/li>\n\n\n\n<li>L\u2019enfant HPI a souvent des <strong>difficult\u00e9s relationnelles<\/strong> avec les enfants de son \u00e2ge, qui peuvent aller jusqu\u2019au harc\u00e8lement. Il se sent beaucoup plus \u00e0 l\u2019aise dans les relations avec des enfants plus \u00e2g\u00e9s ou avec des adultes.<\/li>\n\n\n\n<li>Du fait de ces diff\u00e9rentes caract\u00e9ristiques, le HPI se sent <strong>en d\u00e9calage<\/strong> avec les autres. Il \u00e9prouve un sentiment d\u2019\u00e9tranget\u00e9, se sent anormal, diff\u00e9rent.<\/li>\n\n\n\n<li>Le HPI se sent <strong>incompris<\/strong>. En miroir, il ne comprend pas non plus les autres. Cela suscite un <strong>sentiment de solitude et de rejet<\/strong>.<\/li>\n<\/ul>\n\n\n\n<p>Chacune de ces caract\u00e9ristiques peut entra\u00eener un mal-\u00eatre et inciter une personne \u00e0 haut potentiel intellectuel \u00e0 consulter un psychologue sp\u00e9cialiste du HPI.<\/p>\n\n\n\n<h3 class=\"wp-block-heading\"><a>Commet savoir si je suis HPI\u00a0?<\/a>\u00a0<\/h3>\n\n\n\n<p>Il peut \u00eatre int\u00e9ressant d\u2019effectuer un bilan psychologique pour un enfant dans deux cas pr\u00e9cis&nbsp;:<\/p>\n\n\n\n<ul class=\"wp-block-list\">\n<li>Si votre enfant est en difficult\u00e9 \u00e0 l\u2019\u00e9cole, le bilan permettra de conna\u00eetre les capacit\u00e9s intellectuelles de votre enfant. En effet, l\u2019\u00e9chec scolaire peut \u00eatre d\u00fb \u00e0 un HPI.<\/li>\n\n\n\n<li>Si l\u2019enfant r\u00e9alise facilement les t\u00e2ches qui lui sont propos\u00e9es \u00e0 l\u2019\u00e9cole et s\u2019ennuie manifestement, il peut \u00eatre n\u00e9cessaire d\u2019envisager un saut de classe. Le test permettra de confirmer les capacit\u00e9s intellectuelles de l\u2019enfant mais il n\u2019est pas indispensable.<\/li>\n\n\n\n<li>Hormis ces deux situations, il ne faut pas faire passer de test \u00e0 un enfant qui se d\u00e9veloppe de fa\u00e7on harmonieuse. Le fait d\u2019\u00eatre HPI ou non n\u2019est pas une fin en soi.<\/li>\n<\/ul>\n\n\n\n<p>Une fois les \u00e9tudes termin\u00e9es, passer des tests n\u2019a aucun sens pour un adulte. Je m\u2019explique. D\u00e9j\u00e0, un bilan psychologique co\u00fbte tr\u00e8s cher. Or ce qui importe, ce sont vos sympt\u00f4mes, c\u2019est-\u00e0-dire ce que vous ressentez au plus profond de vous-m\u00eame. Un travail th\u00e9rapeutique sur vous vous permettra d\u2019en apprendre beaucoup plus sur vous-m\u00eame et surtout vous permettra d\u2019am\u00e9liorer votre quotidien. Par ailleurs, les r\u00e9sultats des tests ne sont que des chiffres, certes non d\u00e9nu\u00e9s d\u2019int\u00e9r\u00eat pour qui veut faire de la recherche, mais qui ne r\u00e9soudront pas vos probl\u00e8mes. Vous n\u2019avez pas besoin d\u2019une \u00e9tiquette et il y a un risque \u00e0 passer un test en se pensant HPI et de se retrouver avec un r\u00e9sultat qui vous situe somme toute dans la moyenne.<\/p>\n\n\n\n<h3 class=\"wp-block-heading\"><a>Pourquoi faire une psychoth\u00e9rapie avec un psychanalyste sp\u00e9cialiste du HPI\u00a0?<\/a><\/h3>\n\n\n\n<p>Que vous soyez ou non HPI, si vous vous reconnaissez dans certaines des caract\u00e9ristiques des HPI et que vous en \u00e9prouvez un mal-\u00eatre, rapprochez-vous d\u2019un psy sp\u00e9cialis\u00e9 dans le HPI.<\/p>\n\n\n\n<p>Un bon professionnel sp\u00e9cialiste du HPI saura tr\u00e8s vite reconna\u00eetre votre mode de fonctionnement et sera \u00e0 l\u2019\u00e9coute de vos particularit\u00e9s. Il pourra ainsi vous aider \u00e0 traiter vos diff\u00e9rentes probl\u00e9matiques avec son \u00e9coute bienveillante.<\/p>\n\n\n\n<p>Si vous souhaitez vous engager dans un travail psychoth\u00e9rapeutique pour mieux vous conna\u00eetre, \u00eatre mieux compris par votre entourage et mieux comprendre les autres, donc am\u00e9liorer vos relations avec autrui, ou encore trouver plus de calme et d\u2019harmonie en vous, Odile Speth-Lepetitcolin, <strong>psychanalyste sp\u00e9cialiste du HPI<\/strong>, vous re\u00e7oit \u00e0 son <strong>cabinet de psychologie \u00e0 Paris 16<sup>\u00e8me<\/sup><\/strong>. Elle assure \u00e9galement des suivis th\u00e9rapeutiques <strong>en ligne <\/strong>ou<strong> par t\u00e9l\u00e9phone<\/strong>.<\/p>\n\n\n\n<h3 class=\"wp-block-heading\"><a>L\u2019enfant \u00e0 haut potentiel intellectuel, l\u2019enfant pr\u00e9coce<\/a><\/h3>\n\n\n\n<p>Chaque enfant est unique et il est bien difficile de dresser un portrait de l\u2019enfant \u00e0 haut potentiel intellectuel, dit \u00ab\u00a0enfant pr\u00e9coce\u00a0\u00bb. Cependant, un certain nombre de traits se retrouvent chez ces enfants, et il suffit souvent au professionnel de n\u2019en rep\u00e9rer que quelques-uns pour pouvoir porter un diagnostic qu\u2019un test de quotient intellectuel viendra confirmer, si n\u00e9cessaire. Pourquoi \u00ab\u00a0si n\u00e9cessaire\u00a0\u00bb\u00a0? Parce que, sauf en cas de difficult\u00e9s scolaires av\u00e9r\u00e9es, afin de convaincre le corps enseignant du potentiel de l\u2019enfant, il est inutile de confirmer par des nombres qui peuvent \u00eatre stigmatisant une particularit\u00e9 \u00e9vidente, qui peut \u00eatre \u00e0 la fois source de grandes satisfactions mais aussi d\u2019une intense souffrance.<\/p>\n\n\n\n<p>L\u2019enfant pr\u00e9coce, comme cette d\u00e9nomination l\u2019indique, est un <strong>enfant en avance sur son \u00e2ge r\u00e9e<\/strong>l. Cela se traduit avant tout par la <strong>pr\u00e9cocit\u00e9 du langage<\/strong>, une tr\u00e8s grande curiosit\u00e9 qui se manifeste par une abondance de questions visant \u00e0 la compr\u00e9hension du monde et de ses origines.<\/p>\n\n\n\n<p>Qui dit pr\u00e9cocit\u00e9 du langage dit souvent <strong>apprentissage pr\u00e9coce de la lecture<\/strong>. Il n\u2019est pas rare que l\u2019enfant apprenne \u00e0 lire seul, en moyenne ou grande section de maternelle. Comme il apprend seul et vite, l\u2019enfant pourra souvent <strong>s\u2019ennuyer<\/strong> en classe. Il a <strong>besoin d\u2019\u00eatre stimul\u00e9<\/strong>, nourri, et s\u2019il ne re\u00e7oit pas ce dont il a besoin, il risque bien vite de se replier sur lui-m\u00eame, de rejeter un syst\u00e8me scolaire qui ne lui est pas adapt\u00e9 et de s\u2019enfermer dans un <strong>\u00e9chec scolaire<\/strong> d\u2019o\u00f9 seul un travail psychologique pourra l\u2019extraire.<\/p>\n\n\n\n<p>Le psychologue est en effet souvent amen\u00e9 \u00e0 aider des enfants pr\u00e9coces ou des adultes anciens enfants pr\u00e9coces qui se sont ignor\u00e9s comme tels jusqu\u2019\u00e0 ce qu\u2019ils s\u2019engagent dans une d\u00e9marche psychoth\u00e9rapeutique. Car, outre les particularit\u00e9s intellectuelles que pr\u00e9sentent les enfants pr\u00e9coces, ils sont dot\u00e9s d\u2019un fonctionnement psychique, lui aussi, particulier.<\/p>\n\n\n\n<p>On note tr\u00e8s souvent un <strong>d\u00e9calage<\/strong> entre les domaines intellectuel, pr\u00e9coce, et psycho-affectif ainsi que psychomoteur, souvent en retrait par rapport \u00e0 la moyenne. Ce sont des enfants chez qui le contraste entre un <strong>raisonnement hyper mature<\/strong> et un <strong>comportement \u00ab&nbsp;b\u00e9b\u00e9&nbsp;\u00bb<\/strong> est flagrant. Souvent dot\u00e9s d\u2019un grand <strong>sens de l\u2019humour<\/strong> et d\u2019une <strong>sensibilit\u00e9 extr\u00eame<\/strong>, ils ont tendance \u00e0 fuir le groupe de leurs pairs, \u00e0 la recherche de la <strong>compagnie des adultes<\/strong>, ou au moins d\u2019enfants plus \u00e2g\u00e9s. Leur <strong>corps<\/strong> semble souvent leur \u00eatre quelque peu \u00e9tranger, ainsi peuvent-ils \u00eatre patauds en sport ou malhabiles dans des activit\u00e9s manuelles.<\/p>\n\n\n\n<p>On le voit, l\u2019enfant, ou l\u2019adulte, \u00e0 haut potentiel intellectuel est en proie \u00e0 des <strong>dysharmonies internes<\/strong>, qu\u2019il rel\u00e8ve d\u2019autant plus qu\u2019il a une capacit\u00e9 d\u2019analyse sup\u00e9rieure \u00e0 la moyenne. Cependant, il n\u2019en conna\u00eet pas la nature et elles sont tr\u00e8s souvent g\u00e9n\u00e9ratrices d\u2019une grande souffrance psychique. Entreprendre une psychoth\u00e9rapie avec un psychologue permet, en prenant conscience des processus internes, de retrouver une harmonie et un mieux-\u00eatre.<\/p>\n","protected":false},"excerpt":{"rendered":"<p>Faire une th\u00e9rapie avec une sp\u00e9cialiste du Haut Potentiel Intellectuel (HPI) Diff\u00e9rents termes sont utilis\u00e9s pour d\u00e9signer les personnes ayant un quotient intellectuel sup\u00e9rieur \u00e0 la moyenne. On parle d\u2019enfants pr\u00e9coces, de surdou\u00e9s, de HPI ou encore de z\u00e8bres. Quelles sont les caract\u00e9ristiques des HPI\u00a0?\u00a0 Il est impossible d\u2019\u00e9tablir une liste exhaustive des caract\u00e9ristiques&#8230;<\/p>\n<p class=\"read-more\"><a class=\"btn btn-default\" href=\"https:\/\/psychologue-paris.com\/?page_id=141\"> Read More<span class=\"screen-reader-text\">  Read More<\/span><\/a><\/p>\n","protected":false},"author":1,"featured_media":0,"parent":0,"menu_order":0,"comment_status":"closed","ping_status":"closed","template":"","meta":{"footnotes":""},"class_list":["post-141","page","type-page","status-publish","hentry"],"_links":{"self":[{"href":"https:\/\/psychologue-paris.com\/index.php?rest_route=\/wp\/v2\/pages\/141","targetHints":{"allow":["GET"]}}],"collection":[{"href":"https:\/\/psychologue-paris.com\/index.php?rest_route=\/wp\/v2\/pages"}],"about":[{"href":"https:\/\/psychologue-paris.com\/index.php?rest_route=\/wp\/v2\/types\/page"}],"author":[{"embeddable":true,"href":"https:\/\/psychologue-paris.com\/index.php?rest_route=\/wp\/v2\/users\/1"}],"replies":[{"embeddable":true,"href":"https:\/\/psychologue-paris.com\/index.php?rest_route=%2Fwp%2Fv2%2Fcomments&post=141"}],"version-history":[{"count":4,"href":"https:\/\/psychologue-paris.com\/index.php?rest_route=\/wp\/v2\/pages\/141\/revisions"}],"predecessor-version":[{"id":276,"href":"https:\/\/psychologue-paris.com\/index.php?rest_route=\/wp\/v2\/pages\/141\/revisions\/276"}],"wp:attachment":[{"href":"https:\/\/psychologue-paris.com\/index.php?rest_route=%2Fwp%2Fv2%2Fmedia&parent=141"}],"curies":[{"name":"wp","href":"https:\/\/api.w.org\/{rel}","templated":true}]}}