{"id":142,"date":"2025-07-16T18:22:25","date_gmt":"2025-07-16T18:22:25","guid":{"rendered":"https:\/\/psychologue-paris.com\/?page_id=142"},"modified":"2025-07-17T20:14:31","modified_gmt":"2025-07-17T20:14:31","slug":"troubles-cognitifs","status":"publish","type":"page","link":"https:\/\/psychologue-paris.com\/?page_id=142","title":{"rendered":"Troubles cognitifs"},"content":{"rendered":"\n<h3 class=\"wp-block-heading\"><a>Traitement des troubles cognitifs \u00e0 Paris<\/a>&nbsp;<\/h3>\n\n\n\n<p>Les troubles cognitifs se manifestent \u00e0 tout \u00e2ge. Ils mobilisent parfois d\u00e8s le plus jeune \u00e2ge les parents confront\u00e9s aux difficult\u00e9s scolaires de leur enfant :&nbsp;<strong>manque de concentration<\/strong>,&nbsp;<strong>\u00e9chec scolaire<\/strong>,&nbsp;<strong>angoisse des examens<\/strong>. Ils peuvent dans certains cas \u00eatre le signe d&rsquo;une&nbsp;<strong>pr\u00e9cocit\u00e9 intellectuelle<\/strong>&nbsp;parfois pass\u00e9e inaper\u00e7ue.<\/p>\n\n\n\n<p>Les&nbsp;<strong>troubles de la m\u00e9moire<\/strong>, eux, se rencontrent \u00e0 toutes les p\u00e9riodes de la vie.<\/p>\n\n\n\n<figure class=\"wp-block-image size-full\"><img loading=\"lazy\" decoding=\"async\" width=\"618\" height=\"412\" src=\"https:\/\/psychologue-paris.com\/wp-content\/uploads\/2025\/07\/1-troubles-cognitifs.jpg\" alt=\"\" class=\"wp-image-357\" srcset=\"https:\/\/psychologue-paris.com\/wp-content\/uploads\/2025\/07\/1-troubles-cognitifs.jpg 618w, https:\/\/psychologue-paris.com\/wp-content\/uploads\/2025\/07\/1-troubles-cognitifs-300x200.jpg 300w, https:\/\/psychologue-paris.com\/wp-content\/uploads\/2025\/07\/1-troubles-cognitifs-405x270.jpg 405w\" sizes=\"auto, (max-width: 618px) 100vw, 618px\" \/><\/figure>\n\n\n\n<p>Un travail psychanalytique avec un psychologue psychanalyste permet de r\u00e9gler les probl\u00e8mes \u00e0 l&rsquo;origine de ces troubles et de les d\u00e9passer.<\/p>\n","protected":false},"excerpt":{"rendered":"<p>Traitement des troubles cognitifs \u00e0 Paris&nbsp; Les troubles cognitifs se manifestent \u00e0 tout \u00e2ge. Ils mobilisent parfois d\u00e8s le plus jeune \u00e2ge les parents confront\u00e9s aux difficult\u00e9s scolaires de leur enfant :&nbsp;manque de concentration,&nbsp;\u00e9chec scolaire,&nbsp;angoisse des examens. Ils peuvent dans certains cas \u00eatre le signe d&rsquo;une&nbsp;pr\u00e9cocit\u00e9 intellectuelle&nbsp;parfois pass\u00e9e inaper\u00e7ue. Les&nbsp;troubles de la m\u00e9moire, eux,&#8230;<\/p>\n<p class=\"read-more\"><a class=\"btn btn-default\" href=\"https:\/\/psychologue-paris.com\/?page_id=142\"> Read More<span class=\"screen-reader-text\">  Read More<\/span><\/a><\/p>\n","protected":false},"author":1,"featured_media":0,"parent":0,"menu_order":0,"comment_status":"closed","ping_status":"closed","template":"","meta":{"footnotes":""},"class_list":["post-142","page","type-page","status-publish","hentry"],"_links":{"self":[{"href":"https:\/\/psychologue-paris.com\/index.php?rest_route=\/wp\/v2\/pages\/142","targetHints":{"allow":["GET"]}}],"collection":[{"href":"https:\/\/psychologue-paris.com\/index.php?rest_route=\/wp\/v2\/pages"}],"about":[{"href":"https:\/\/psychologue-paris.com\/index.php?rest_route=\/wp\/v2\/types\/page"}],"author":[{"embeddable":true,"href":"https:\/\/psychologue-paris.com\/index.php?rest_route=\/wp\/v2\/users\/1"}],"replies":[{"embeddable":true,"href":"https:\/\/psychologue-paris.com\/index.php?rest_route=%2Fwp%2Fv2%2Fcomments&post=142"}],"version-history":[{"count":5,"href":"https:\/\/psychologue-paris.com\/index.php?rest_route=\/wp\/v2\/pages\/142\/revisions"}],"predecessor-version":[{"id":359,"href":"https:\/\/psychologue-paris.com\/index.php?rest_route=\/wp\/v2\/pages\/142\/revisions\/359"}],"wp:attachment":[{"href":"https:\/\/psychologue-paris.com\/index.php?rest_route=%2Fwp%2Fv2%2Fmedia&parent=142"}],"curies":[{"name":"wp","href":"https:\/\/api.w.org\/{rel}","templated":true}]}}