{"id":145,"date":"2025-07-16T18:22:25","date_gmt":"2025-07-16T18:22:25","guid":{"rendered":"https:\/\/psychologue-paris.com\/?page_id=145"},"modified":"2025-07-17T19:21:34","modified_gmt":"2025-07-17T19:21:34","slug":"phobies-et-toc","status":"publish","type":"page","link":"https:\/\/psychologue-paris.com\/?page_id=145","title":{"rendered":"Phobies et TOCs"},"content":{"rendered":"\n<h3 class=\"wp-block-heading\"><a>Faire une th\u00e9rapie pour traiter les phobies, les TOCs&#8230;<\/a>\u00a0<\/h3>\n\n\n\n<p>Certains motifs de consultation ne rel\u00e8vent pas des rubriques ci-dessus, comme&nbsp;l&rsquo;hyperactivit\u00e9, les&nbsp;difficult\u00e9s sexuelles&nbsp;(frigidit\u00e9, impuissance, questions relatives \u00e0 sa pr\u00e9f\u00e9rence sexuelle, etc.), les&nbsp;<strong>phobies<\/strong>&nbsp;(phobie des animaux, phobie des moyens de transport, agoraphobie, etc.), les&nbsp;<strong>troubles obsessionnels compulsifs<\/strong>&nbsp;(TOC), et bien d&rsquo;autres encore.<\/p>\n","protected":false},"excerpt":{"rendered":"<p>Faire une th\u00e9rapie pour traiter les phobies, les TOCs&#8230;\u00a0 Certains motifs de consultation ne rel\u00e8vent pas des rubriques ci-dessus, comme&nbsp;l&rsquo;hyperactivit\u00e9, les&nbsp;difficult\u00e9s sexuelles&nbsp;(frigidit\u00e9, impuissance, questions relatives \u00e0 sa pr\u00e9f\u00e9rence sexuelle, etc.), les&nbsp;phobies&nbsp;(phobie des animaux, phobie des moyens de transport, agoraphobie, etc.), les&nbsp;troubles obsessionnels compulsifs&nbsp;(TOC), et bien d&rsquo;autres encore.<\/p>\n","protected":false},"author":1,"featured_media":0,"parent":0,"menu_order":0,"comment_status":"closed","ping_status":"closed","template":"","meta":{"footnotes":""},"class_list":["post-145","page","type-page","status-publish","hentry"],"_links":{"self":[{"href":"https:\/\/psychologue-paris.com\/index.php?rest_route=\/wp\/v2\/pages\/145","targetHints":{"allow":["GET"]}}],"collection":[{"href":"https:\/\/psychologue-paris.com\/index.php?rest_route=\/wp\/v2\/pages"}],"about":[{"href":"https:\/\/psychologue-paris.com\/index.php?rest_route=\/wp\/v2\/types\/page"}],"author":[{"embeddable":true,"href":"https:\/\/psychologue-paris.com\/index.php?rest_route=\/wp\/v2\/users\/1"}],"replies":[{"embeddable":true,"href":"https:\/\/psychologue-paris.com\/index.php?rest_route=%2Fwp%2Fv2%2Fcomments&post=145"}],"version-history":[{"count":6,"href":"https:\/\/psychologue-paris.com\/index.php?rest_route=\/wp\/v2\/pages\/145\/revisions"}],"predecessor-version":[{"id":310,"href":"https:\/\/psychologue-paris.com\/index.php?rest_route=\/wp\/v2\/pages\/145\/revisions\/310"}],"wp:attachment":[{"href":"https:\/\/psychologue-paris.com\/index.php?rest_route=%2Fwp%2Fv2%2Fmedia&parent=145"}],"curies":[{"name":"wp","href":"https:\/\/api.w.org\/{rel}","templated":true}]}}