{"id":146,"date":"2025-07-16T18:22:25","date_gmt":"2025-07-16T18:22:25","guid":{"rendered":"https:\/\/psychologue-paris.com\/?page_id=146"},"modified":"2025-07-17T20:36:56","modified_gmt":"2025-07-17T20:36:56","slug":"contact","status":"publish","type":"page","link":"https:\/\/psychologue-paris.com\/?page_id=146","title":{"rendered":"Contact"},"content":{"rendered":"\n<p><a><\/a><a><\/a><a><\/a><a><\/a><a><\/a><a><\/a><a><\/a><a><\/a><a><\/a><a><\/a><a><\/a><a><strong>Contactez le cabinet de psychoth\u00e9rapie \u00e0 Paris<\/strong><\/a><strong><\/strong><\/p>\n\n\n\n<p>Vous souhaitez avoir plus d&rsquo;informations concernant nos services ou bien prendre un rendez-vous&nbsp;?&nbsp;<\/p>\n\n\n\n<h2 class=\"wp-block-heading has-text-align-center has-large-font-size\"><strong>06 63 37 92 30<\/strong><\/h2>\n\n\n\n<p class=\"has-text-align-center has-large-font-size\">25, rue Raffet 75016&nbsp;PARIS<\/p>\n\n\n\n<p class=\"has-text-align-center\"><strong>La prise de rendez-vous se fait uniquement par appel t\u00e9l\u00e9phonique.<\/strong><\/p>\n\n\n\n<p>En cas d\u2019absence, n\u2019h\u00e9sitez pas \u00e0 me laisser un message vocal avec vos coordonn\u00e9es, je vous rappellerai d\u00e8s que possible.<\/p>\n\n\n\n<p>Le cabinet de Paris est tr\u00e8s facile d\u2019acc\u00e8s<\/p>\n\n\n\n<ul class=\"wp-block-list\">\n<li><strong>En m\u00e9tro<\/strong>&nbsp;: 4 stations se situent \u00e0 proximit\u00e9, desservies par 2 lignes<\/li>\n<\/ul>\n\n\n\n<p>Jasmin \u00e0 3 minutes par la ligne 9 (Pont de S\u00e8vres \u2013 Mairie de Montreuil)<\/p>\n\n\n\n<p>Michel-Ange-Auteuil \u00e0 5 minutes par les lignes 9 (Pont de S\u00e8vres \u2013 Mairie de Montreuil) et 10 (Boulogne-Pont de Saint Cloud \u2013 Gare d\u2019Austerlitz)<\/p>\n\n\n\n<p>Michel-Ange Molitor \u00e0 10 minutes par les lignes 9 (Pont de S\u00e8vres \u2013 Mairie de Montreuil) et 10 (Boulogne-Pont de Saint Cloud \u2013 Gare d\u2019Austerlitz)<\/p>\n\n\n\n<p>Mirabeau \u00e0 10 minutes par la ligne 10 (Boulogne-Pont de Saint Cloud \u2013 Gare d\u2019Austerlitz)<\/p>\n\n\n\n<ul class=\"wp-block-list\">\n<li><strong>En autobus<\/strong>&nbsp;: De nombreuses lignes de bus desservent le cabinet<\/li>\n<\/ul>\n\n\n\n<p>Ligne 22 (Porte de Saint Cloud \u2013 Op\u00e9ra), arr\u00eat Jasmin ou Perrichont<\/p>\n\n\n\n<p>Ligne 32 (Porte d\u2019Auteuil \u2013 Gare de l\u2019Est), arr\u00eat Raffet<\/p>\n\n\n\n<p>Ligne 52 (Parc de Saint Cloud \u2013 Op\u00e9ra), arr\u00eat Perrichont ou Georges Sand \u2013&nbsp; Lafontaine<\/p>\n\n\n\n<p>Ligne 62 (Porte de Saint \u2013 Biblioth\u00e8que Fran\u00e7ois Mitterrand), arr\u00eat Pont Mirabeau ou Michel-Ange-Auteuil<\/p>\n\n\n\n<p>Ligne 123 (Porte d\u2019Auteuil \u2013 Mairie d\u2019Issy), arr\u00eat Porte d\u2019Auteuil<\/p>\n\n\n\n<p>Ligne 241 (Rueil-Malmaison RER \u2013 Porte d\u2019Auteuil), arr\u00eat Porte d\u2019Auteuil<\/p>\n\n\n\n<p>PC 1 (Porte de Champerret \u2013 Pont du Garigliano), arr\u00eat Raffet<\/p>\n\n\n\n<ul class=\"wp-block-list\">\n<li><strong>En voiture<\/strong>\u00a0: Le cabinet se trouve entre la Porte d\u2019Auteuil et la Porte de Passy<\/li>\n<\/ul>\n\n\n\n<p>Depuis la Porte d\u2019Auteuil, il faut monter le Boulevard Suchet et tourner au premier feu \u00e0 droite au Pont Raffet puis descendre la rue Raffet<\/p>\n\n\n\n<p>Depuis la Porte de Passy, vous tournerez \u00e0 gauche au premier feu et passerez sur le Pont Raffet pour descendre la rue Raffet<\/p>\n","protected":false},"excerpt":{"rendered":"<p>Contactez le cabinet de psychoth\u00e9rapie \u00e0 Paris Vous souhaitez avoir plus d&rsquo;informations concernant nos services ou bien prendre un rendez-vous&nbsp;?&nbsp; 06 63 37 92 30 25, rue Raffet 75016&nbsp;PARIS La prise de rendez-vous se fait uniquement par appel t\u00e9l\u00e9phonique. En cas d\u2019absence, n\u2019h\u00e9sitez pas \u00e0 me laisser un message vocal avec vos coordonn\u00e9es, je&#8230;<\/p>\n<p class=\"read-more\"><a class=\"btn btn-default\" href=\"https:\/\/psychologue-paris.com\/?page_id=146\"> Read More<span class=\"screen-reader-text\">  Read More<\/span><\/a><\/p>\n","protected":false},"author":1,"featured_media":0,"parent":0,"menu_order":0,"comment_status":"closed","ping_status":"closed","template":"","meta":{"footnotes":""},"class_list":["post-146","page","type-page","status-publish","hentry"],"_links":{"self":[{"href":"https:\/\/psychologue-paris.com\/index.php?rest_route=\/wp\/v2\/pages\/146","targetHints":{"allow":["GET"]}}],"collection":[{"href":"https:\/\/psychologue-paris.com\/index.php?rest_route=\/wp\/v2\/pages"}],"about":[{"href":"https:\/\/psychologue-paris.com\/index.php?rest_route=\/wp\/v2\/types\/page"}],"author":[{"embeddable":true,"href":"https:\/\/psychologue-paris.com\/index.php?rest_route=\/wp\/v2\/users\/1"}],"replies":[{"embeddable":true,"href":"https:\/\/psychologue-paris.com\/index.php?rest_route=%2Fwp%2Fv2%2Fcomments&post=146"}],"version-history":[{"count":8,"href":"https:\/\/psychologue-paris.com\/index.php?rest_route=\/wp\/v2\/pages\/146\/revisions"}],"predecessor-version":[{"id":382,"href":"https:\/\/psychologue-paris.com\/index.php?rest_route=\/wp\/v2\/pages\/146\/revisions\/382"}],"wp:attachment":[{"href":"https:\/\/psychologue-paris.com\/index.php?rest_route=%2Fwp%2Fv2%2Fmedia&parent=146"}],"curies":[{"name":"wp","href":"https:\/\/api.w.org\/{rel}","templated":true}]}}