{"id":180,"date":"2025-07-16T19:14:28","date_gmt":"2025-07-16T19:14:28","guid":{"rendered":"https:\/\/psychologue-paris.com\/?page_id=180"},"modified":"2025-07-17T19:59:38","modified_gmt":"2025-07-17T19:59:38","slug":"maladies-psychosomatiques","status":"publish","type":"page","link":"https:\/\/psychologue-paris.com\/?page_id=180","title":{"rendered":"Maladies psychosomatiques"},"content":{"rendered":"\n<p>Contrairement \u00e0 la pens\u00e9e populaire, les maladies psychosomatiques ne sont pas des maladies que le m\u00e9decin attribuerait \u00e0 l\u2019imagination du malade. Le malade psychosomatique est <strong>r\u00e9ellement malade<\/strong>. Il peut souffrir de maladies tr\u00e8s vari\u00e9es, certaines chroniques, comme l\u2019asthme, l\u2019ecz\u00e9ma, l\u2019herp\u00e8s, le psoriasis, la migraine, l\u2019ulc\u00e8re et toutes les douleurs chroniques, d\u2019autres \u00e9volutives, comme les cancers, les maladies cardio-vasculaires, la maladie de Crohn, la rectocolite h\u00e9morragique, la scl\u00e9rose en plaques, la liste n\u2019est pas exhaustive.<\/p>\n\n\n\n<p>Plut\u00f4t que de parler de maladie psychosomatique, on pr\u00e9f\u00e8re \u00e0 pr\u00e9sent parler de <strong>malade psychosomatique<\/strong>. Il s\u2019agit en fait de prendre en compte le lien \u00e9troit qui, chez chacun d\u2019entre nous, unit la psych\u00e9 (l\u2019esprit) et le soma (le corps).<\/p>\n\n\n\n<figure class=\"wp-block-image size-full\"><img loading=\"lazy\" decoding=\"async\" width=\"619\" height=\"401\" src=\"https:\/\/psychologue-paris.com\/wp-content\/uploads\/2025\/07\/1-maladies-psychosomatiques.jpg\" alt=\"maladies-psychosomatiques\" class=\"wp-image-338\" srcset=\"https:\/\/psychologue-paris.com\/wp-content\/uploads\/2025\/07\/1-maladies-psychosomatiques.jpg 619w, https:\/\/psychologue-paris.com\/wp-content\/uploads\/2025\/07\/1-maladies-psychosomatiques-300x194.jpg 300w, https:\/\/psychologue-paris.com\/wp-content\/uploads\/2025\/07\/1-maladies-psychosomatiques-417x270.jpg 417w\" sizes=\"auto, (max-width: 619px) 100vw, 619px\" \/><\/figure>\n\n\n\n<h3 class=\"wp-block-heading\"><a href=\"https:\/\/psychologue-paris.com\/?page_id=46\" data-type=\"page\" data-id=\"46\" target=\"_blank\" rel=\"noreferrer noopener\">La psychoth\u00e9rapie psychanalytique&nbsp;<\/a><\/h3>\n\n\n\n<p>Quand nous sommes confront\u00e9s \u00e0 une \u00e9motion forte, une peur par exemple, nous pouvons avoir des r\u00e9actions somatiques, comme les mains moites. Il ne s\u2019agit l\u00e0 que d\u2019une r\u00e9action physiologique limit\u00e9e dans le temps \u00e0 un \u00e9v\u00e9nement psychique. Mais quand l\u2019\u00e9v\u00e9nement psychique est trop violent pour notre psych\u00e9, <strong>l\u2019\u00e9quilibre<\/strong> que nous parvenons tant bien que mal \u00e0 maintenir entre psych\u00e9 et soma se trouve <strong>\u00e9branl\u00e9<\/strong> et <strong>ouvre la voie<\/strong> \u00e0 une somatisation. En d\u2019autres termes, quand notre vie psychique est d\u00e9stabilis\u00e9e, normalement nous r\u00e9agissons par un \u00e9pisode d\u00e9pressif ou des sympt\u00f4mes comme la phobie, mais dans certains cas, notre psych\u00e9 d\u00e9bord\u00e9e ne parvient pas \u00e0 r\u00e9agir sur un mode psychique, et ce qui n\u2019a pu \u00eatre trait\u00e9 par la psych\u00e9 va passer dans le soma. Ainsi peut-on affirmer que nous sommes tous un jour ou l\u2019autre des malades psychosomatiques.<\/p>\n\n\n\n<p>La psychoth\u00e9rapie psychanalytique men\u00e9e par un psychanalyste psychosomaticien avec un patient psychosomatique ne vise pas \u00e0 aider le patient \u00e0 mieux supporter sa maladie. Elle a pour but de <strong>modifier l\u2019\u00e9quilibre psychique fragilis\u00e9<\/strong> du patient afin de lui redonner une certaine stabilit\u00e9. En ce sens, c\u2019est l\u2019am\u00e9lioration de l\u2019\u00e9tat psychique du patient qui permet une am\u00e9lioration de sa maladie.<\/p>\n\n\n\n<figure class=\"wp-block-image size-full\"><img loading=\"lazy\" decoding=\"async\" width=\"618\" height=\"412\" src=\"https:\/\/psychologue-paris.com\/wp-content\/uploads\/2025\/07\/3-malade-psychosomatique.jpg\" alt=\"malade-psychosomatique\" class=\"wp-image-340\" srcset=\"https:\/\/psychologue-paris.com\/wp-content\/uploads\/2025\/07\/3-malade-psychosomatique.jpg 618w, https:\/\/psychologue-paris.com\/wp-content\/uploads\/2025\/07\/3-malade-psychosomatique-300x200.jpg 300w, https:\/\/psychologue-paris.com\/wp-content\/uploads\/2025\/07\/3-malade-psychosomatique-405x270.jpg 405w\" sizes=\"auto, (max-width: 618px) 100vw, 618px\" \/><\/figure>\n","protected":false},"excerpt":{"rendered":"<p>Contrairement \u00e0 la pens\u00e9e populaire, les maladies psychosomatiques ne sont pas des maladies que le m\u00e9decin attribuerait \u00e0 l\u2019imagination du malade. Le malade psychosomatique est r\u00e9ellement malade. Il peut souffrir de maladies tr\u00e8s vari\u00e9es, certaines chroniques, comme l\u2019asthme, l\u2019ecz\u00e9ma, l\u2019herp\u00e8s, le psoriasis, la migraine, l\u2019ulc\u00e8re et toutes les douleurs chroniques, d\u2019autres \u00e9volutives, comme les&#8230;<\/p>\n<p class=\"read-more\"><a class=\"btn btn-default\" href=\"https:\/\/psychologue-paris.com\/?page_id=180\"> Read More<span class=\"screen-reader-text\">  Read More<\/span><\/a><\/p>\n","protected":false},"author":1,"featured_media":0,"parent":0,"menu_order":0,"comment_status":"closed","ping_status":"closed","template":"","meta":{"footnotes":""},"class_list":["post-180","page","type-page","status-publish","hentry"],"_links":{"self":[{"href":"https:\/\/psychologue-paris.com\/index.php?rest_route=\/wp\/v2\/pages\/180","targetHints":{"allow":["GET"]}}],"collection":[{"href":"https:\/\/psychologue-paris.com\/index.php?rest_route=\/wp\/v2\/pages"}],"about":[{"href":"https:\/\/psychologue-paris.com\/index.php?rest_route=\/wp\/v2\/types\/page"}],"author":[{"embeddable":true,"href":"https:\/\/psychologue-paris.com\/index.php?rest_route=\/wp\/v2\/users\/1"}],"replies":[{"embeddable":true,"href":"https:\/\/psychologue-paris.com\/index.php?rest_route=%2Fwp%2Fv2%2Fcomments&post=180"}],"version-history":[{"count":9,"href":"https:\/\/psychologue-paris.com\/index.php?rest_route=\/wp\/v2\/pages\/180\/revisions"}],"predecessor-version":[{"id":341,"href":"https:\/\/psychologue-paris.com\/index.php?rest_route=\/wp\/v2\/pages\/180\/revisions\/341"}],"wp:attachment":[{"href":"https:\/\/psychologue-paris.com\/index.php?rest_route=%2Fwp%2Fv2%2Fmedia&parent=180"}],"curies":[{"name":"wp","href":"https:\/\/api.w.org\/{rel}","templated":true}]}}