{"id":191,"date":"2025-07-16T19:23:00","date_gmt":"2025-07-16T19:23:00","guid":{"rendered":"https:\/\/psychologue-paris.com\/?page_id=191"},"modified":"2025-07-17T20:25:21","modified_gmt":"2025-07-17T20:25:21","slug":"troubles-alimentaires-anorexie-boulimie-consultez-un-therapeute-2","status":"publish","type":"page","link":"https:\/\/psychologue-paris.com\/?page_id=191","title":{"rendered":"Troubles alimentaires"},"content":{"rendered":"\n<h3 class=\"wp-block-heading\">Troubles alimentaires (anorexie, boulimie) : consultez un th\u00e9rapeute<\/h3>\n\n\n\n<p>Les troubles des conduites alimentaires sont des troubles de nature tr\u00e8s vari\u00e9e,&nbsp;<strong>en rapport avec l\u2019alimentation<\/strong>. Ils peuvent appara\u00eetre \u00e0 tout \u00e2ge, dans des contextes tr\u00e8s vari\u00e9s.<\/p>\n\n\n\n<p>Le trouble le plus connu est sans doute l\u2019anorexie, qui touche en tr\u00e8s grande majorit\u00e9 des jeunes filles adolescentes. On rencontre n\u00e9anmoins des cas&nbsp;<strong>d\u2019anorexie du nourrisson<\/strong>.<\/p>\n\n\n\n<h3 class=\"wp-block-heading\">Comment se d\u00e9clarent&nbsp; les troubles alimentaires ?&nbsp;<\/h3>\n\n\n\n<p>Si ces troubles ont en grande partie une origine psychologique individuelle, sur laquelle il convient de travailler d\u00e8s les premiers sympt\u00f4mes<strong>&nbsp;avec l\u2019aide d\u2019un psychologue<\/strong>, le contexte familial et social ne doit pas \u00eatre n\u00e9glig\u00e9 et une prise en charge globale par plusieurs professionnels de la sant\u00e9 est le plus souvent n\u00e9cessaire, en particulier pour les enfants et les adolescents. L\u2019anorexie du nourrisson sera prise en charge dans le cadre d\u2019une th\u00e9rapie m\u00e8re-b\u00e9b\u00e9.<\/p>\n\n\n\n<figure class=\"wp-block-image size-full\"><img loading=\"lazy\" decoding=\"async\" width=\"619\" height=\"324\" src=\"https:\/\/psychologue-paris.com\/wp-content\/uploads\/2025\/07\/conduite2.jpg\" alt=\"conduites-alimentaires-anorexie\" class=\"wp-image-372\" srcset=\"https:\/\/psychologue-paris.com\/wp-content\/uploads\/2025\/07\/conduite2.jpg 619w, https:\/\/psychologue-paris.com\/wp-content\/uploads\/2025\/07\/conduite2-300x157.jpg 300w, https:\/\/psychologue-paris.com\/wp-content\/uploads\/2025\/07\/conduite2-516x270.jpg 516w\" sizes=\"auto, (max-width: 619px) 100vw, 619px\" \/><\/figure>\n\n\n\n<h3 class=\"wp-block-heading\">L&rsquo;anorexie<\/h3>\n\n\n\n<p>L\u2019anorexie&nbsp;se manifeste par une pr\u00e9occupation obs\u00e9dante de la nourriture et du corps, toujours consid\u00e9r\u00e9 comme trop gros. Les diktats de la mode renforcent cette obsession. La jeune fille (10 filles sont anorexiques pour 1 gar\u00e7on) s\u2019impose&nbsp;<strong>des restrictions alimentaires la conduisant \u00e0 la d\u00e9nutrition<\/strong>, elle se fait vomir, pratique du sport de mani\u00e8re excessive afin de perdre toujours plus de poids.<\/p>\n\n\n\n<p>Elle exerce \u00e9galement une v\u00e9ritable tyrannie sur son environnement familial, que, souvent, elle ne pense qu\u2019\u00e0 faire manger, et une s\u00e9paration provisoire d\u2019avec le cercle familial peut s\u2019imposer afin de&nbsp;<strong>casser les relations pathog\u00e8nes dans laquelle la jeune malade<\/strong>&nbsp;s\u2019enferme et enferme ses proches.<\/p>\n\n\n\n<p>L\u2019anorexie provoque souvent l\u2019arr\u00eat des r\u00e8gles et met un frein \u00e0 la croissance.<\/p>\n\n\n\n<p>La jeune anorexique ne pouvant s\u2019emp\u00eacher de contr\u00f4ler ce qu\u2019elle ing\u00e8re, on a de plus en plus tendance \u00e0 assimiler ce trouble \u00e0&nbsp;<strong>une conduite addictive,<\/strong>&nbsp;au m\u00eame titre que pour l\u2019alcool, le tabac ou les drogues.<\/p>\n\n\n\n<p>L\u2019anorexie c\u00f4toie souvent la d\u00e9pression, mais il ne faut pas les confondre. La conduite anorexique peut accompagner un \u00e9pisode d\u00e9pressif grave, sans que les pr\u00e9occupations esth\u00e9tiques soient au premier plan.<\/p>\n\n\n\n<p>Il n\u2019est pas rare que l\u2019anorexie soit accompagn\u00e9e de boulimie.<\/p>\n\n\n\n<h3 class=\"wp-block-heading\"><a>La boulimie<\/a><\/h3>\n\n\n\n<p>La boulimie&nbsp;peut alterner avec des \u00e9pisodes anorexiques ou exister seule. Elle se manifeste par l\u2019absorption compulsive&nbsp;<strong>de grandes quantit\u00e9s de nourriture, en cachette<\/strong>, dans un temps record. Le plus souvent, la crise est suivie de vomissements provoqu\u00e9s. Il ne faut donc pas confondre la boulimie avec l\u2019<strong>hyperphagie<\/strong>&nbsp;qui est une prise constante de nourriture en exc\u00e8s.<\/p>\n\n\n\n<p>Les cons\u00e9quences de la boulimie peuvent \u00eatre aussi graves que celles de l\u2019anorexie en termes de d\u00e9nutrition. En effet, la nourriture n\u2019\u00e9tant pas dig\u00e9r\u00e9e, des carences vont se manifester sous diff\u00e9rentes formes et \u00eatre \u00e0 l\u2019origine de diverses somatisations.<\/p>\n\n\n\n<figure class=\"wp-block-image size-full\"><img loading=\"lazy\" decoding=\"async\" width=\"619\" height=\"248\" src=\"https:\/\/psychologue-paris.com\/wp-content\/uploads\/2025\/07\/conduite-1.jpg\" alt=\"troubles-conduites-alimentaires-boulimie\" class=\"wp-image-371\" srcset=\"https:\/\/psychologue-paris.com\/wp-content\/uploads\/2025\/07\/conduite-1.jpg 619w, https:\/\/psychologue-paris.com\/wp-content\/uploads\/2025\/07\/conduite-1-300x120.jpg 300w, https:\/\/psychologue-paris.com\/wp-content\/uploads\/2025\/07\/conduite-1-604x242.jpg 604w\" sizes=\"auto, (max-width: 619px) 100vw, 619px\" \/><\/figure>\n\n\n\n<h3 class=\"wp-block-heading\"><a>Le m\u00e9rycisme<\/a><\/h3>\n\n\n\n<p>Le m\u00e9rycisme&nbsp;est un autre trouble des conduites alimentaires qui consiste \u00e0 faire remonter le bol alimentaire et \u00e0 le mastiquer \u00e0 nouveau. C\u2019est un<strong>&nbsp;trouble plus fr\u00e9quent chez le nourrisson<\/strong>&nbsp;et le jeune enfant que chez l\u2019adulte. Il dispara\u00eet en effet spontan\u00e9ment dans la majeure partie des cas.<\/p>\n\n\n\n<p>Il est recommand\u00e9 de consulter un psychologue d\u00e8s l\u2019apparition des premiers sympt\u00f4mes de troubles des conduites alimentaires et d\u2019engager une psychoth\u00e9rapie pour travailler sur l\u2019origine psychologique des troubles.<\/p>\n\n\n\n<p>Parall\u00e8lement, il sera n\u00e9cessaire de veiller \u00e0 un suivi m\u00e9dical.<\/p>\n","protected":false},"excerpt":{"rendered":"<p>Troubles alimentaires (anorexie, boulimie) : consultez un th\u00e9rapeute Les troubles des conduites alimentaires sont des troubles de nature tr\u00e8s vari\u00e9e,&nbsp;en rapport avec l\u2019alimentation. Ils peuvent appara\u00eetre \u00e0 tout \u00e2ge, dans des contextes tr\u00e8s vari\u00e9s. Le trouble le plus connu est sans doute l\u2019anorexie, qui touche en tr\u00e8s grande majorit\u00e9 des jeunes filles adolescentes. On&#8230;<\/p>\n<p class=\"read-more\"><a class=\"btn btn-default\" href=\"https:\/\/psychologue-paris.com\/?page_id=191\"> Read More<span class=\"screen-reader-text\">  Read More<\/span><\/a><\/p>\n","protected":false},"author":1,"featured_media":0,"parent":0,"menu_order":0,"comment_status":"closed","ping_status":"closed","template":"","meta":{"footnotes":""},"class_list":["post-191","page","type-page","status-publish","hentry"],"_links":{"self":[{"href":"https:\/\/psychologue-paris.com\/index.php?rest_route=\/wp\/v2\/pages\/191","targetHints":{"allow":["GET"]}}],"collection":[{"href":"https:\/\/psychologue-paris.com\/index.php?rest_route=\/wp\/v2\/pages"}],"about":[{"href":"https:\/\/psychologue-paris.com\/index.php?rest_route=\/wp\/v2\/types\/page"}],"author":[{"embeddable":true,"href":"https:\/\/psychologue-paris.com\/index.php?rest_route=\/wp\/v2\/users\/1"}],"replies":[{"embeddable":true,"href":"https:\/\/psychologue-paris.com\/index.php?rest_route=%2Fwp%2Fv2%2Fcomments&post=191"}],"version-history":[{"count":6,"href":"https:\/\/psychologue-paris.com\/index.php?rest_route=\/wp\/v2\/pages\/191\/revisions"}],"predecessor-version":[{"id":373,"href":"https:\/\/psychologue-paris.com\/index.php?rest_route=\/wp\/v2\/pages\/191\/revisions\/373"}],"wp:attachment":[{"href":"https:\/\/psychologue-paris.com\/index.php?rest_route=%2Fwp%2Fv2%2Fmedia&parent=191"}],"curies":[{"name":"wp","href":"https:\/\/api.w.org\/{rel}","templated":true}]}}