{"id":2,"date":"2025-07-10T19:11:27","date_gmt":"2025-07-10T19:11:27","guid":{"rendered":"http:\/\/psychologue-paris.com\/?page_id=2"},"modified":"2025-07-17T19:49:04","modified_gmt":"2025-07-17T19:49:04","slug":"sample-page","status":"publish","type":"page","link":"https:\/\/psychologue-paris.com\/?page_id=2","title":{"rendered":"Psychologue Paris"},"content":{"rendered":"\n<h3 class=\"wp-block-heading\"><a>Formations et activit\u00e9s de votre psychologue psychanalyste \u00e0 Paris<\/a>&nbsp;<\/h3>\n\n\n\n<p>J\u2019ai suivi de nombreuses formations et occup\u00e9 divers postes de Psychologue clinicienne dans plusieurs cadres professionnels.<\/p>\n\n\n\n<h3 class=\"wp-block-heading\"><a>Formations<\/a><\/h3>\n\n\n\n<ul class=\"wp-block-list\">\n<li><a><strong>Formations universitaires<\/strong><\/a>&nbsp;<\/li>\n<\/ul>\n\n\n\n<p>&#8211; DESS de psychologie clinique et pathologique<\/p>\n\n\n\n<p>&#8211; Agr\u00e9gation d\u2019allemand<\/p>\n\n\n\n<ul class=\"wp-block-list\">\n<li><a><strong>Formations professionnelles<\/strong><\/a><\/li>\n<\/ul>\n\n\n\n<p>&#8211; Membre adh\u00e9rent de la Soci\u00e9t\u00e9 Psychanalytique de Paris<\/p>\n\n\n\n<p>&#8211; Psychosomatique (Institut de Psychosomatique Pierre Marty)<\/p>\n\n\n\n<p>&#8211; Psychopathologie de l\u2019enfant et de l\u2019adolescent<\/p>\n\n\n\n<p>&#8211; Psychodrame psychanalytique individuel<\/p>\n\n\n\n<p>&#8211; Psychose et \u00e9tats-limites<\/p>\n\n\n\n<p>&#8211; Psychop\u00e9dagogie<\/p>\n\n\n\n<figure class=\"wp-block-image size-full\"><img loading=\"lazy\" decoding=\"async\" width=\"619\" height=\"410\" src=\"https:\/\/psychologue-paris.com\/wp-content\/uploads\/2025\/07\/1-formation.jpg\" alt=\"se former et \u00e9tudier la psychologie\" class=\"wp-image-326\" srcset=\"https:\/\/psychologue-paris.com\/wp-content\/uploads\/2025\/07\/1-formation.jpg 619w, https:\/\/psychologue-paris.com\/wp-content\/uploads\/2025\/07\/1-formation-300x199.jpg 300w, https:\/\/psychologue-paris.com\/wp-content\/uploads\/2025\/07\/1-formation-408x270.jpg 408w\" sizes=\"auto, (max-width: 619px) 100vw, 619px\" \/><\/figure>\n\n\n\n<h3 class=\"wp-block-heading\"><a>Activit\u00e9s<\/a><\/h3>\n\n\n\n<p>J\u2019exerce \u00e0 mon cabinet comme psychanalyste et psychosomaticienne en lib\u00e9ral \u00e0 Paris 16\u00e8me, \u00e0 proximit\u00e9 de Boulogne-Billancourt, et \u00e0 distance par t\u00e9l\u00e9phone.<\/p>\n\n\n\n<p>J\u2019ai eu diverses exp\u00e9riences en tant que psychologue clinicienne, psychoth\u00e9rapeute et psychanalyste en institution&nbsp;:<\/p>\n\n\n\n<p>&#8211; CMP, CATTP, ITEP, h\u00f4pital de jour et service intra-hospitalier pour enfants<\/p>\n\n\n\n<p>&#8211; CATTP pour adolescents et jeunes adultes<\/p>\n\n\n\n<p>&#8211; H\u00f4pital de jour, centre de psychoth\u00e9rapie pour adultes<\/p>\n\n\n\n<p>J\u2019ai anim\u00e9 des groupes de parole.<\/p>\n\n\n\n<p>J\u2019ai conduit des supervisions individuelles avec des professionnels du soin (psychologues, infirmiers, \u00e9ducateurs) ainsi que des enseignants qui se questionnent sur leur m\u00e9tier. J\u2019ai fait par ailleurs des supervisions d\u2019\u00e9quipes de soins et des analyses des pratiques.<\/p>\n\n\n\n<p>J\u2019anime des s\u00e9minaires de formation \u00e0 la psychanalyse dans le cadre de la Fondation Arm\u00e9nienne du D\u00e9veloppement de la Psychanalyse et de la Psychoth\u00e9rapie<\/p>\n\n\n\n<p>J\u2019ai l\u2019exp\u00e9rience du psychodrame psychanalytique individuel en institution.<\/p>\n\n\n\n<p>Je suis intervenue dans le cadre de la formation de professeurs des \u00e9coles sp\u00e9cialis\u00e9s \u00e0 l\u2019IUFM.<\/p>\n\n\n\n<h3 class=\"wp-block-heading\"><a>Travaux et Publications<\/a>&nbsp;<\/h3>\n\n\n\n<p><a><strong>Publications<\/strong><\/a>&nbsp;<\/p>\n\n\n\n<p>O. Speth-Lepetitcolin, Y. Contejean, \u00ab&nbsp;Le geste mental au c\u0153ur de l\u2019apprentissage&nbsp;\u00bb,&nbsp;<em>Revue de neuropsychiatrie de l\u2019enfance et de l\u2019adolescence<\/em>&nbsp;; 49&nbsp;: 374-38, octobre 2001<\/p>\n\n\n\n<p>Odile Speth-Lepetitcolin, Angela Navarro-Campoy, Anna&nbsp;: Entre d\u00e9faillance et omnipotence,&nbsp;<em>Bulletin de la SPP n\u00b0 95<\/em>, avril 2010<\/p>\n\n\n\n<p>Odile Speth-Lepetitcolin, Notes de lecture,&nbsp;<em>Les mod\u00e8les psychanalytiques de la psychosomatique<\/em>&nbsp;de Claude Smadja,&nbsp;<em>Actualit\u00e9s psychosomatiques<\/em>&nbsp;n\u00b013, 2010<\/p>\n\n\n\n<p>Odile Speth-Lepetitcolin, Angela Navarro-Campoy, La Virgen Mar\u00eda y el Ni\u00f1o,&nbsp;<em>Revista&nbsp;de psicoterapia y&nbsp;psicosom\u00e1tica<\/em>&nbsp;n\u00b0 80, 2012<\/p>\n\n\n\n<figure class=\"wp-block-image size-full\"><img loading=\"lazy\" decoding=\"async\" width=\"619\" height=\"413\" src=\"https:\/\/psychologue-paris.com\/wp-content\/uploads\/2025\/07\/2-formation-source-1.jpg\" alt=\"formation-source\" class=\"wp-image-331\" srcset=\"https:\/\/psychologue-paris.com\/wp-content\/uploads\/2025\/07\/2-formation-source-1.jpg 619w, https:\/\/psychologue-paris.com\/wp-content\/uploads\/2025\/07\/2-formation-source-1-300x200.jpg 300w, https:\/\/psychologue-paris.com\/wp-content\/uploads\/2025\/07\/2-formation-source-1-405x270.jpg 405w\" sizes=\"auto, (max-width: 619px) 100vw, 619px\" \/><\/figure>\n\n\n\n<p><a><strong>Traductions<\/strong><\/a><\/p>\n\n\n\n<p>A. Staehle, O. Speth-Lepetitcolin (trad.), Le mutisme comme d\u00e9fense contre les angoisses de s\u00e9paration. Fragment d\u2019analyse d\u2019une petite fille mutique de quatre ans.&nbsp;<em>Bulletin de la F\u00e9d\u00e9ration europ\u00e9enne de Psychanalyse<\/em>, 2007<\/p>\n\n\n\n<p>G. Schmith\u00fcsen, O. Speth-Lepetitcolin (trad.), Au-del\u00e0 du temps circulaire et lin\u00e9aire,&nbsp;<em>Bulletin de la F\u00e9d\u00e9ration europ\u00e9enne de Psychanalyse<\/em>, 2007<\/p>\n\n\n\n<p>F.-W. Eickhoff, O. Speth-Lepetitcolin (trad.), A propos du processus d\u2019apr\u00e8s-coup,&nbsp;<em>Bulletin de la F\u00e9d\u00e9ration europ\u00e9enne de Psychanalyse<\/em>, 2007<\/p>\n\n\n\n<p>Joachim K\u00fcchenhoff, O. Speth-Lepetitcolin (trad.), The analyst\u2019s research mindset in a widening scope of therapeutic settings ,&nbsp;<em>Bulletin de la F\u00e9d\u00e9ration europ\u00e9enne de Psychanalyse<\/em>, 2011<\/p>\n\n\n\n<p>Erwin Kaiser, O. Speth-Lepetitcolin (trad.), De l\u2019angoisse \u00e0 la m\u00e9thode en psychanalyse \u2013 et vice-versa,&nbsp;<em>Bulletin de la F\u00e9d\u00e9ration europ\u00e9enne de Psychanalyse<\/em>, 2011<\/p>\n\n\n\n<p>Joachim K\u00fcchenhoff, O. Speth-Lepetitcolin (trad.), Perspectives d\u2019une n\u00e9gativit\u00e9 productive et destructive \u2013 un essai psychanalytique,&nbsp;<em>Bulletin de la F\u00e9d\u00e9ration europ\u00e9enne de Psychanalyse<\/em>, 2012 (\u00e0 para\u00eetre)<\/p>\n\n\n\n<p><a><strong>Th\u00e8mes de recherche<\/strong><\/a><\/p>\n\n\n\n<p><em>Le traumatisme et ses cons\u00e9quences sur le soma (processus de somatisation)<\/em><\/p>\n\n\n\n<p><em>Les enjeux de l\u2019adolescence<\/em><\/p>\n\n\n\n<p><em>Gen\u00e8se d\u2019une institution au sein d\u2019une structure d\u00e9j\u00e0 existante&nbsp;: \u00e9volution des interactions<\/em><\/p>\n\n\n\n<p><em>Prises en charge psychop\u00e9dagogiques&nbsp;: une efficacit\u00e9 nuanc\u00e9e selon la pathologie des patients<\/em><\/p>\n\n\n\n<p><a><strong>Citations<\/strong><\/a><\/p>\n\n\n\n<p>Revue&nbsp;<em>Maman<\/em>, juin 2004<\/p>\n\n\n\n<p>Revue&nbsp;<em>Le Monde de l\u2019Education<\/em>, novembre 2004<\/p>\n\n\n\n<p><em>Le Parisien Dimanche<\/em>, 3 septembre 2006<\/p>\n\n\n\n<p><em>La grande Encyclop\u00e9die des parents et de la famille<\/em>, Paris, Fleurus, 2006<\/p>\n","protected":false},"excerpt":{"rendered":"<p>Formations et activit\u00e9s de votre psychologue psychanalyste \u00e0 Paris&nbsp; J\u2019ai suivi de nombreuses formations et occup\u00e9 divers postes de Psychologue clinicienne dans plusieurs cadres professionnels. Formations &#8211; DESS de psychologie clinique et pathologique &#8211; Agr\u00e9gation d\u2019allemand &#8211; Membre adh\u00e9rent de la Soci\u00e9t\u00e9 Psychanalytique de Paris &#8211; Psychosomatique (Institut de Psychosomatique Pierre Marty) &#8211; Psychopathologie&#8230;<\/p>\n<p class=\"read-more\"><a class=\"btn btn-default\" href=\"https:\/\/psychologue-paris.com\/?page_id=2\"> Read More<span class=\"screen-reader-text\">  Read More<\/span><\/a><\/p>\n","protected":false},"author":1,"featured_media":0,"parent":0,"menu_order":0,"comment_status":"closed","ping_status":"open","template":"","meta":{"footnotes":""},"class_list":["post-2","page","type-page","status-publish","hentry"],"_links":{"self":[{"href":"https:\/\/psychologue-paris.com\/index.php?rest_route=\/wp\/v2\/pages\/2","targetHints":{"allow":["GET"]}}],"collection":[{"href":"https:\/\/psychologue-paris.com\/index.php?rest_route=\/wp\/v2\/pages"}],"about":[{"href":"https:\/\/psychologue-paris.com\/index.php?rest_route=\/wp\/v2\/types\/page"}],"author":[{"embeddable":true,"href":"https:\/\/psychologue-paris.com\/index.php?rest_route=\/wp\/v2\/users\/1"}],"replies":[{"embeddable":true,"href":"https:\/\/psychologue-paris.com\/index.php?rest_route=%2Fwp%2Fv2%2Fcomments&post=2"}],"version-history":[{"count":9,"href":"https:\/\/psychologue-paris.com\/index.php?rest_route=\/wp\/v2\/pages\/2\/revisions"}],"predecessor-version":[{"id":332,"href":"https:\/\/psychologue-paris.com\/index.php?rest_route=\/wp\/v2\/pages\/2\/revisions\/332"}],"wp:attachment":[{"href":"https:\/\/psychologue-paris.com\/index.php?rest_route=%2Fwp%2Fv2%2Fmedia&parent=2"}],"curies":[{"name":"wp","href":"https:\/\/api.w.org\/{rel}","templated":true}]}}