{"id":35,"date":"2025-07-16T14:26:21","date_gmt":"2025-07-16T14:26:21","guid":{"rendered":"https:\/\/psychologue-paris.com\/?page_id=35"},"modified":"2025-07-17T19:44:07","modified_gmt":"2025-07-17T19:44:07","slug":"odile-speth-lepetitcolin","status":"publish","type":"page","link":"https:\/\/psychologue-paris.com\/","title":{"rendered":"Accueil"},"content":{"rendered":"\n<p class=\"has-text-align-center has-large-font-size\"><strong>Odile SPETH-LEPETITCOLIN<\/strong><\/p>\n\n\n\n<p class=\"has-text-align-center\"><strong>Psychologue Psychanalyste Psychosomaticienne \u00e0 Paris 16<\/strong><br><strong>25 rue Raffet 75016 Paris<\/strong> <\/p>\n\n\n\n<p class=\"has-text-align-center has-large-font-size\"><strong>06 63 37 92 30<\/strong><\/p>\n\n\n\n<p class=\"has-text-align-center has-medium-font-size\" id=\"psycganalyse-psy\"><em><strong>Membre de la Soci\u00e9t\u00e9 Psychanalytique de Paris<\/strong><\/em><\/p>\n\n\n\n<p class=\"has-text-align-center\"><strong>Consultations au cabinet de psychologie Paris 16, en ligne ou par t\u00e9l\u00e9phone<\/strong><\/p>\n\n\n\n<p class=\"has-text-align-center has-black-color has-text-color has-link-color wp-elements-0420df79cca2cb8c741ddd7a574626c3\"><a>Langues parl\u00e9es&nbsp;: Fran\u00e7ais \u2013 Allemand<\/a><strong>&nbsp;<\/strong><\/p>\n\n\n\n<h3 class=\"wp-block-heading\" id=\"psychanalyse-pscyhotherapie\"><a>Qui est Odile Speth-Lepetitcolin, votre future psychologue ?<\/a><\/h3>\n\n\n\n<p>Odile Speth-Lepetitcolin, dipl\u00f4m\u00e9e en Psychologie, est titulaire d\u2019un DESS en Psychologie clinique et pathologique. Il s\u2019agit d\u2019un dipl\u00f4me d\u2019Etat.<\/p>\n\n\n\n<p>En compl\u00e9ment de sa formation initiale en psychologie, elle a fait un long travail psychanalytique. Suite \u00e0 ce travail, elle a \u00e9t\u00e9 admise \u00e0 la Soci\u00e9t\u00e9 Psychanalytique de Paris. Elle s\u2019y est alors form\u00e9e \u00e0 la psychanalyse et la psychoth\u00e9rapie avec les enfants, les adolescents et les adultes. A l\u2019issue de cette formation, elle a \u00e9t\u00e9 \u00e9lue membre adh\u00e9rent de la Soci\u00e9t\u00e9 Psychanalytique de Paris.<\/p>\n\n\n\n<p>Passionn\u00e9e par l\u2019\u00e9tude du fonctionnement psychique et soucieuse d\u2019offrir le meilleur \u00e0 ses patients, elle continue \u00e0 se former. Elle a ainsi entrepris une formation de psychosomaticienne \u00e0 l\u2019Institut de Psychosomatique Pierre Marty de Paris (IPSO-Pierre Marty). Cette sp\u00e9cialisation lui permet de travailler de mani\u00e8re ad\u00e9quate avec les personnes souffrant de maladies somatiques.<\/p>\n\n\n\n<p>Chacun peut en effet constater les r\u00e9actions physiologiques de son corps \u00e0 des situations de stress. De fait, quand le psychisme ne fonctionne plus correctement, cela peut faire le lit de maladies. Les uns d\u00e9velopperont des maladies \u00e0 crises (asthme, ecz\u00e9ma, psoriasis, etc.), d\u2019autres des maladies graves (cancers, SEP, etc.). Il faut donc adapter la technique psychoth\u00e9rapeutique au fonctionnement sp\u00e9cifique de la personne malade. Il s\u2019av\u00e8re donc indispensable d\u2019\u00eatre form\u00e9 \u00e0 la psychosomatique pour bien mener le traitement psychoth\u00e9rapeutique.<\/p>\n\n\n\n<figure class=\"wp-block-image size-large\"><img loading=\"lazy\" decoding=\"async\" width=\"1024\" height=\"350\" src=\"https:\/\/psychologue-paris.com\/wp-content\/uploads\/2025\/07\/bloc-01-1024x350.jpg\" alt=\"ouvrir sur la libert\u00e9\" class=\"wp-image-320\" srcset=\"https:\/\/psychologue-paris.com\/wp-content\/uploads\/2025\/07\/bloc-01-1024x350.jpg 1024w, https:\/\/psychologue-paris.com\/wp-content\/uploads\/2025\/07\/bloc-01-300x103.jpg 300w, https:\/\/psychologue-paris.com\/wp-content\/uploads\/2025\/07\/bloc-01-768x263.jpg 768w, https:\/\/psychologue-paris.com\/wp-content\/uploads\/2025\/07\/bloc-01-604x207.jpg 604w, https:\/\/psychologue-paris.com\/wp-content\/uploads\/2025\/07\/bloc-01-850x291.jpg 850w, https:\/\/psychologue-paris.com\/wp-content\/uploads\/2025\/07\/bloc-01.jpg 1280w\" sizes=\"auto, (max-width: 1024px) 100vw, 1024px\" \/><\/figure>\n\n\n\n<h3 class=\"wp-block-heading\"><a href=\"https:\/\/psychologue-paris.com\/?page_id=46\" data-type=\"page\" data-id=\"46\" target=\"_blank\" rel=\"noreferrer noopener\">Consultation avec une psychanalyste psychosomaticienne \u00e0 Paris 16 ou en ligne<\/a>&nbsp;<\/h3>\n\n\n\n<p>En tant que psychanalyste et psychosomaticienne, je vous propose des th\u00e9rapies psychanalytiques.<\/p>\n\n\n\n<p>Toutefois, un traitement psychanalytique peut prendre diff\u00e9rentes formes.<\/p>\n\n\n\n<p>Il peut s\u2019agit d\u2019une psychanalyse. La psychanalyse, c\u2019est un peu la Rolls des traitements psychanalytiques. Elle permet une analyse en profondeur du fonctionnement psychique. Selon Freud, la vis\u00e9e th\u00e9rapeutique vient de surcro\u00eet. La psychanalyse requiert 3 s\u00e9ances par&nbsp;<a href=\"https:\/\/psychologue-paris.com\/?page_id=46\" data-type=\"page\" data-id=\"46\" target=\"_blank\" rel=\"noreferrer noopener\">semaine<\/a>&nbsp;. Elle demande donc un investissement important en temps, et en investissement personnel et financier.<\/p>\n\n\n\n<p>Le plus souvent le th\u00e9rapeute propose une psychoth\u00e9rapie. La psychoth\u00e9rapie doit \u00eatre suivie de fa\u00e7on r\u00e9guli\u00e8re, \u00e0 raison d\u2019une ou deux fois par semaine. La fr\u00e9quence d\u00e9pend de la demande du patient, de son fonctionnement psychique et de ses possibilit\u00e9s.<\/p>\n\n\n\n<p>En comprenant les tenants et les aboutissants d\u2019une situation, le patient modifie sa relation aux choses ou aux personnes. Ainsi le patient va interagir diff\u00e9remment et sa vie va s\u2019en trouver am\u00e9lior\u00e9e. Dans le cas de patients somatiques, la psychoth\u00e9rapie a lieu une fois par semaine. Ce qui change, c\u2019est la technique utilis\u00e9e par le psychosomaticien, m\u00eame si la th\u00e9orie sous-jacente reste la psychanalyse. Le suivi th\u00e9rapeutique s\u2019oriente plus vers un soutien psychologique.<\/p>\n\n\n\n<figure class=\"wp-block-image size-large\"><img loading=\"lazy\" decoding=\"async\" width=\"1024\" height=\"242\" src=\"https:\/\/psychologue-paris.com\/wp-content\/uploads\/2025\/07\/bloc-02-1024x242.jpg\" alt=\"voir la vie en rose\" class=\"wp-image-322\" srcset=\"https:\/\/psychologue-paris.com\/wp-content\/uploads\/2025\/07\/bloc-02-1024x242.jpg 1024w, https:\/\/psychologue-paris.com\/wp-content\/uploads\/2025\/07\/bloc-02-300x71.jpg 300w, https:\/\/psychologue-paris.com\/wp-content\/uploads\/2025\/07\/bloc-02-768x182.jpg 768w, https:\/\/psychologue-paris.com\/wp-content\/uploads\/2025\/07\/bloc-02-604x143.jpg 604w, https:\/\/psychologue-paris.com\/wp-content\/uploads\/2025\/07\/bloc-02-850x201.jpg 850w, https:\/\/psychologue-paris.com\/wp-content\/uploads\/2025\/07\/bloc-02.jpg 1280w\" sizes=\"auto, (max-width: 1024px) 100vw, 1024px\" \/><\/figure>\n\n\n\n<h3 class=\"wp-block-heading\"><a href=\"https:\/\/psychologue-paris.com\/?page_id=184\" data-type=\"page\" data-id=\"184\" target=\"_blank\" rel=\"noreferrer noopener nofollow\">Les consultations m\u00e8re-b\u00e9b\u00e9<\/a>&nbsp;<\/h3>\n\n\n\n<p>Je pratique \u00e9galement des consultations m\u00e8re-enfant et des consultations m\u00e8re-b\u00e9b\u00e9. Ces consultations peuvent, bien s\u00fbr, \u00e9galement inclure le p\u00e8re. Elles sont tr\u00e8s efficaces dans le cas de troubles du sommeil du b\u00e9b\u00e9 ou du jeune enfant (b\u00e9b\u00e9 qui ne fait pas ses nuits apr\u00e8s 6 mois). Elles peuvent aussi \u00eatre tr\u00e8s utiles avec un enfant refusant de manger (anorexie du b\u00e9b\u00e9 ou du jeune enfant). Un enfant qui pleure beaucoup, fait de nombreuses \u00ab&nbsp;crises&nbsp;\u00bb ou pr\u00e9sente des troubles du comportement peut aussi en b\u00e9n\u00e9ficier.<\/p>\n\n\n\n<p>En effet, les sympt\u00f4mes pr\u00e9sent\u00e9s par l\u2019enfant r\u00e9v\u00e8lent souvent une difficult\u00e9 v\u00e9cue dans la famille. Et le simple fait de mettre des mots dessus permet de lever le probl\u00e8me. Ces consultations m\u00e8re-enfant ont lieu de mani\u00e8re ponctuelle. Et souvent une seule consultation suffit. Il peut en falloir parfois deux ou trois pour que la vie famille soit \u00e0 nouveau apais\u00e9e. Dans de rares cas, un nombre plus cons\u00e9quent de s\u00e9ances peut cependant \u00eatre n\u00e9cessaire.<\/p>\n\n\n\n<figure class=\"wp-block-image size-large\"><img loading=\"lazy\" decoding=\"async\" width=\"1024\" height=\"310\" src=\"https:\/\/psychologue-paris.com\/wp-content\/uploads\/2025\/07\/bloc-03-1024x310.jpg\" alt=\"consultation m\u00e8re-enfant\" class=\"wp-image-324\" srcset=\"https:\/\/psychologue-paris.com\/wp-content\/uploads\/2025\/07\/bloc-03-1024x310.jpg 1024w, https:\/\/psychologue-paris.com\/wp-content\/uploads\/2025\/07\/bloc-03-300x91.jpg 300w, https:\/\/psychologue-paris.com\/wp-content\/uploads\/2025\/07\/bloc-03-768x233.jpg 768w, https:\/\/psychologue-paris.com\/wp-content\/uploads\/2025\/07\/bloc-03-604x183.jpg 604w, https:\/\/psychologue-paris.com\/wp-content\/uploads\/2025\/07\/bloc-03-850x258.jpg 850w, https:\/\/psychologue-paris.com\/wp-content\/uploads\/2025\/07\/bloc-03.jpg 1280w\" sizes=\"auto, (max-width: 1024px) 100vw, 1024px\" \/><\/figure>\n\n\n\n<h3 class=\"wp-block-heading\">Les supervisions et analyses des pratiques&nbsp;<\/h3>\n\n\n\n<p>Dipl\u00f4m\u00e9e d\u2019Etat et psychanalyste, j\u2019accompagne des professionnels du soin dans un travail de supervision ou d\u2019analyse des pratiques. Il peut s\u2019agir de psychologues, psychoth\u00e9rapeutes, \u00e9ducateurs, ou encore d\u2019infirmiers.<\/p>\n\n\n\n<p>Je pratique \u00e9galement l\u2019analyse des pratiques avec des enseignants en souffrance devant leurs classes. Ce travail vise \u00e0 comprendre ce que leur renvoie une situation donn\u00e9e. Ils peuvent ensuite changer de point de vue et \u00e9viter l\u2019\u00e9puisement professionnel.<\/p>\n","protected":false},"excerpt":{"rendered":"<p>Odile SPETH-LEPETITCOLIN Psychologue Psychanalyste Psychosomaticienne \u00e0 Paris 1625 rue Raffet 75016 Paris 06 63 37 92 30 Membre de la Soci\u00e9t\u00e9 Psychanalytique de Paris Consultations au cabinet de psychologie Paris 16, en ligne ou par t\u00e9l\u00e9phone Langues parl\u00e9es&nbsp;: Fran\u00e7ais \u2013 Allemand&nbsp; Qui est Odile Speth-Lepetitcolin, votre future psychologue ? Odile Speth-Lepetitcolin, dipl\u00f4m\u00e9e en Psychologie,&#8230;<\/p>\n<p class=\"read-more\"><a class=\"btn btn-default\" href=\"https:\/\/psychologue-paris.com\/\"> Read More<span class=\"screen-reader-text\">  Read More<\/span><\/a><\/p>\n","protected":false},"author":1,"featured_media":0,"parent":0,"menu_order":0,"comment_status":"closed","ping_status":"closed","template":"","meta":{"footnotes":""},"class_list":["post-35","page","type-page","status-publish","hentry"],"_links":{"self":[{"href":"https:\/\/psychologue-paris.com\/index.php?rest_route=\/wp\/v2\/pages\/35","targetHints":{"allow":["GET"]}}],"collection":[{"href":"https:\/\/psychologue-paris.com\/index.php?rest_route=\/wp\/v2\/pages"}],"about":[{"href":"https:\/\/psychologue-paris.com\/index.php?rest_route=\/wp\/v2\/types\/page"}],"author":[{"embeddable":true,"href":"https:\/\/psychologue-paris.com\/index.php?rest_route=\/wp\/v2\/users\/1"}],"replies":[{"embeddable":true,"href":"https:\/\/psychologue-paris.com\/index.php?rest_route=%2Fwp%2Fv2%2Fcomments&post=35"}],"version-history":[{"count":18,"href":"https:\/\/psychologue-paris.com\/index.php?rest_route=\/wp\/v2\/pages\/35\/revisions"}],"predecessor-version":[{"id":325,"href":"https:\/\/psychologue-paris.com\/index.php?rest_route=\/wp\/v2\/pages\/35\/revisions\/325"}],"wp:attachment":[{"href":"https:\/\/psychologue-paris.com\/index.php?rest_route=%2Fwp%2Fv2%2Fmedia&parent=35"}],"curies":[{"name":"wp","href":"https:\/\/api.w.org\/{rel}","templated":true}]}}