{"id":407,"date":"2025-07-17T21:36:27","date_gmt":"2025-07-17T21:36:27","guid":{"rendered":"https:\/\/psychologue-paris.com\/?page_id=407"},"modified":"2025-07-18T18:37:02","modified_gmt":"2025-07-18T18:37:02","slug":"mentions-legales","status":"publish","type":"page","link":"https:\/\/psychologue-paris.com\/?page_id=407","title":{"rendered":"Mentions l\u00e9gales"},"content":{"rendered":"\n<p><strong>ID2PSY<\/strong><\/p>\n\n\n\n<p>SAS unipersonnelle au capital de 1500\u20ac<br>25 rue Raffet Paris 75016<br>Siren 845 012 301<br>RCS de Paris 845 012 301<\/p>\n\n\n\n<p>Directeur de la publication : Odile Speth-Lepetitcolin<\/p>\n\n\n\n<p>t\u00e9l\u00e9phone ; 06 63 37 92 30<\/p>\n\n\n\n<p><strong>H\u00e9bergeur :<\/strong><\/p>\n\n\n\n<p>OVH &#8211; www.ovh.com<br>2 rue Kellermann<br>59100 Roubaix<br>Tel&nbsp;: 1007 ou +33 9 72 10 10 07<br>www.ovh.com<\/p>\n\n\n\n<p>En vous connectant sur ce site, vous acceptez sans r\u00e9serve les pr\u00e9sentes modalit\u00e9s. Ces modalit\u00e9s d\u2019utilisation sont susceptibles d\u2019\u00eatre modifi\u00e9es ou compl\u00e9t\u00e9es \u00e0 tout moment, les utilisateurs du site sont donc invit\u00e9s \u00e0 les consulter de mani\u00e8re r\u00e9guli\u00e8re.<\/p>\n\n\n\n<p><strong>Respect du droit d\u2019auteur&nbsp;:<\/strong>&nbsp;Ce site est couvert par le droit de la propri\u00e9t\u00e9 intellectuelle. Toute repr\u00e9sentation totale ou partielle est interdite sans l&rsquo;accord de ID2PSY , y compris pour les documents iconographiques et photographiques.<\/p>\n\n\n\n<p><strong>Responsabilit\u00e9 quant au contenu&nbsp;:<\/strong>&nbsp;Les informations contenues dans ce site peuvent comporter des erreurs. Elles sont non contractuelles. ID2PSY n\u2019est pas responsable de l\u2019interpr\u00e9tation ou de l\u2019utilisation du contenu de ce site. Ce site peut comporter des liens hypertextes vers des sites tiers, ID2PSY ne peut \u00eatre tenu pour responsable de leur contenu. Le contenu du pr\u00e9sent site peut \u00eatre modifi\u00e9 \u00e0 tout moment et faire l&rsquo;objet de mises \u00e0 jour constantes et \u00e0 tout instant.<\/p>\n\n\n\n<p><strong>Cookies&nbsp;:&nbsp;<\/strong>Ce site utilise des cookies \u2013 de petits fichiers texte qui sont plac\u00e9s sur votre machine pour aider le site \u00e0 fournir une meilleure exp\u00e9rience utilisateur.<\/p>\n\n\n\n<p>En r\u00e8gle g\u00e9n\u00e9rale, les cookies rendront votre exp\u00e9rience de navigation meilleure. Toutefois, vous pouvez pr\u00e9f\u00e9rer d\u00e9sactiver les cookies sur ce site et sur d\u2019autres. Le moyen le plus efficace consiste \u00e0 d\u00e9sactiver les cookies dans votre navigateur. Nous vous sugg\u00e9rons de consulter la section Aide de votre navigateur ou de consulter les pages suivantes :<\/p>\n\n\n\n<ul class=\"wp-block-list\">\n<li>\u00b7 Pour Internet Explorer\u2122 :&nbsp;<a href=\"https:\/\/support.microsoft.com\/fr-fr\/help\/17442\/windows-internet-explorer-delete-manage-cookies\">https:\/\/support.microsoft.com\/fr-fr\/help\/17442\/windows-internet-explorer-delete-manage-cookies<\/a><\/li>\n\n\n\n<li>\u00b7 Pour Safari\u2122 :&nbsp;<a href=\"https:\/\/support.apple.com\/fr-fr\/HT201265\">https:\/\/support.apple.com\/fr-fr\/HT201265<\/a><\/li>\n\n\n\n<li>\u00b7 Pour Chrome\u2122 :&nbsp;<a href=\"https:\/\/support.google.com\/chrome\/answer\/95647?hl=fr&amp;hlrm=en\">https:\/\/support.google.com\/chrome\/answer\/95647?hl=fr&amp;hlrm=en<\/a><\/li>\n\n\n\n<li>\u00b7 Pour Firefox\u2122 :&nbsp;<a href=\"https:\/\/support.mozilla.org\/fr\/kb\/activer-desactiver-cookies-preferences?redirectlocale=fr&amp;redirectslug=Activer+et+d%C3%A9sactiver+les+cookies\">https:\/\/support.mozilla.org\/fr\/kb\/activer-desactiver-cookies-preferences?redirectlocale=fr&amp;redirectslug=Activer+et+d%C3%A9sactiver+les+cookies<\/a><\/li>\n\n\n\n<li>\u00b7 Pour Opera\u2122 :&nbsp;<a href=\"http:\/\/help.opera.com\/Windows\/10.20\/fr\/cookies.html\">http:\/\/help.opera.com\/Windows\/10.20\/fr\/cookies.html<\/a><\/li>\n<\/ul>\n\n\n\n<p><strong>Litiges&nbsp;:<\/strong>&nbsp;Les pr\u00e9sentes conditions sont r\u00e9gies par les lois fran\u00e7aises et toute contestation ou litiges qui pourraient na\u00eetre de l&rsquo;interpr\u00e9tation ou de l&rsquo;ex\u00e9cution de celles-ci seront de la comp\u00e9tence exclusive des tribunaux dont d\u00e9pend le si\u00e8ge social de la soci\u00e9t\u00e9. La langue de r\u00e9f\u00e9rence, pour le r\u00e8glement de contentieux \u00e9ventuels, est le fran\u00e7ais.<\/p>\n\n\n\n<p><strong>Protection des donn\u00e9es individuelles<\/strong>&nbsp;: Ce site ne stocke pas de donn\u00e9es individuelles.<\/p>\n","protected":false},"excerpt":{"rendered":"<p>ID2PSY SAS unipersonnelle au capital de 1500\u20ac25 rue Raffet Paris 75016Siren 845 012 301RCS de Paris 845 012 301 Directeur de la publication : Odile Speth-Lepetitcolin t\u00e9l\u00e9phone ; 06 63 37 92 30 H\u00e9bergeur : OVH &#8211; www.ovh.com2 rue Kellermann59100 RoubaixTel&nbsp;: 1007 ou +33 9 72 10 10 07www.ovh.com En vous connectant sur ce&#8230;<\/p>\n<p class=\"read-more\"><a class=\"btn btn-default\" href=\"https:\/\/psychologue-paris.com\/?page_id=407\"> Read More<span class=\"screen-reader-text\">  Read More<\/span><\/a><\/p>\n","protected":false},"author":1,"featured_media":0,"parent":0,"menu_order":0,"comment_status":"closed","ping_status":"closed","template":"","meta":{"footnotes":""},"class_list":["post-407","page","type-page","status-publish","hentry"],"_links":{"self":[{"href":"https:\/\/psychologue-paris.com\/index.php?rest_route=\/wp\/v2\/pages\/407","targetHints":{"allow":["GET"]}}],"collection":[{"href":"https:\/\/psychologue-paris.com\/index.php?rest_route=\/wp\/v2\/pages"}],"about":[{"href":"https:\/\/psychologue-paris.com\/index.php?rest_route=\/wp\/v2\/types\/page"}],"author":[{"embeddable":true,"href":"https:\/\/psychologue-paris.com\/index.php?rest_route=\/wp\/v2\/users\/1"}],"replies":[{"embeddable":true,"href":"https:\/\/psychologue-paris.com\/index.php?rest_route=%2Fwp%2Fv2%2Fcomments&post=407"}],"version-history":[{"count":2,"href":"https:\/\/psychologue-paris.com\/index.php?rest_route=\/wp\/v2\/pages\/407\/revisions"}],"predecessor-version":[{"id":415,"href":"https:\/\/psychologue-paris.com\/index.php?rest_route=\/wp\/v2\/pages\/407\/revisions\/415"}],"wp:attachment":[{"href":"https:\/\/psychologue-paris.com\/index.php?rest_route=%2Fwp%2Fv2%2Fmedia&parent=407"}],"curies":[{"name":"wp","href":"https:\/\/api.w.org\/{rel}","templated":true}]}}