{"id":44,"date":"2025-07-16T15:04:17","date_gmt":"2025-07-16T15:04:17","guid":{"rendered":"https:\/\/psychologue-paris.com\/?page_id=44"},"modified":"2025-07-17T19:53:35","modified_gmt":"2025-07-17T19:53:35","slug":"pourquoi-consulter","status":"publish","type":"page","link":"https:\/\/psychologue-paris.com\/?page_id=44","title":{"rendered":"Pourquoi consulter ?"},"content":{"rendered":"\n<h3 class=\"wp-block-heading\"><a>Une psychanalyse, pour quoi faire ?<\/a><\/h3>\n\n\n\n<p>Freud d\u00e9finit la psychanalyse de trois mani\u00e8res diff\u00e9rentes.<\/p>\n\n\n\n<p>Il s\u2019agit&nbsp;:<\/p>\n\n\n\n<p>&#8211; D\u2019un proc\u00e9d\u00e9 pour l\u2019investigation de processus mentaux \u00e0 peu pr\u00e8s inaccessibles autrement&nbsp;;<\/p>\n\n\n\n<p>&#8211; D\u2019une m\u00e9thode fond\u00e9e sur cette investigation pour le traitement de d\u00e9sordres n\u00e9vrotiques&nbsp;;<\/p>\n\n\n\n<p>&#8211; D\u2019une s\u00e9rie de conceptions psychologiques acquises par ce moyen et qui s\u2019accroissent ensemble pour former progressivement une nouvelle discipline scientifique.<\/p>\n\n\n\n<p><strong>Pourquoi consulter ?<\/strong>&nbsp;Quand on ressent un&nbsp;<strong>mal-\u00eatre<\/strong>, qui souvent perdure depuis des ann\u00e9es, on \u00e9prouve un jour le besoin d\u2019en&nbsp;<strong>parler<\/strong>&nbsp;\u00e0 quelqu&rsquo;un d\u2019ext\u00e9rieur, une personne neutre, qui vous aidera \u00e0&nbsp;<strong>comprendre<\/strong>&nbsp;ce qui se passe. Cependant, la d\u00e9marche n\u2019est pas facile \u00e0 entreprendre et il est fr\u00e9quent que la prise de rendez-vous avec un psychologue psychanalyste constitue une \u00e9tape d\u2019autant plus difficile \u00e0 franchir, qu\u2019au d\u00e9part, on pensait pouvoir s\u2019en sortir seul.<\/p>\n\n\n\n<p>Le psychologue psychanalyste est justement form\u00e9 \u00e0&nbsp;<strong>l\u2019\u00e9coute de la souffrance<\/strong>. En recevant la parole du patient, il lui permettra peu \u00e0 peu de comprendre son histoire, de se comprendre. Le moment venu, il lui proposera des&nbsp;<strong>interpr\u00e9tations pertinentes qui donneront sens<\/strong>&nbsp;au discours et rendront possible la prise de conscience des repr\u00e9sentations et des r\u00e9p\u00e9titions, levant ainsi progressivement les sympt\u00f4mes.<\/p>\n\n\n\n<figure class=\"wp-block-image size-full\"><img loading=\"lazy\" decoding=\"async\" width=\"619\" height=\"351\" src=\"https:\/\/psychologue-paris.com\/wp-content\/uploads\/2025\/07\/1-une-psychanalyse-pour-quoi-faire.jpg\" alt=\"une-psychanalyse-pour-quoi-faire\" class=\"wp-image-333\" srcset=\"https:\/\/psychologue-paris.com\/wp-content\/uploads\/2025\/07\/1-une-psychanalyse-pour-quoi-faire.jpg 619w, https:\/\/psychologue-paris.com\/wp-content\/uploads\/2025\/07\/1-une-psychanalyse-pour-quoi-faire-300x170.jpg 300w, https:\/\/psychologue-paris.com\/wp-content\/uploads\/2025\/07\/1-une-psychanalyse-pour-quoi-faire-476x270.jpg 476w\" sizes=\"auto, (max-width: 619px) 100vw, 619px\" \/><\/figure>\n\n\n\n<h3 class=\"wp-block-heading\">Premiers entretiens&nbsp;<\/h3>\n\n\n\n<p>Une fois les premi\u00e8res r\u00e9sistances surmont\u00e9es et le rendez-vous pris, les premiers entretiens se d\u00e9roulent en face \u00e0 face. Ces entretiens doivent permettre au psychanalyste et au patient de faire connaissance. Pour le psychanalyste, il s\u2019agit, \u00e0 partir de ce que lui livre spontan\u00e9ment le patient, d\u2019\u00e9valuer son fonctionnement psychique actuel pour lui proposer le mode de traitement le plus adapt\u00e9 \u00e0 sa probl\u00e9matique. Le silence relatif de l\u2019analyste favorise le&nbsp;<strong>libre d\u00e9ploiement de la parole<\/strong>&nbsp;du patient, mais ce silence ne doit pas \u00eatre obstin\u00e9, car si certains patients associent facilement, d\u2019autres ont besoin d\u2019un \u00e9tayage important. La fa\u00e7on dont se sera d\u00e9roul\u00e9 ce premier entretien d\u00e9terminera chez le patient son d\u00e9sir d\u2019entamer ou non un travail avec ce psychanalyste. En effet, un travail sur soi, psychanalyse ou psychoth\u00e9rapie, suppose une relation de confiance profonde entre le patient et l\u2019analyste.<\/p>\n\n\n\n<p><strong>Le travail psychanalytique<\/strong>&nbsp;consiste \u00e0 interroger son histoire, la fa\u00e7on dont on se per\u00e7oit et dont on per\u00e7oit les autres et le monde qui nous entoure, pour d\u00e9couvrir l\u2019origine inconsciente de ses sympt\u00f4mes et de sa souffrance. Le patient doit respecter la \u00ab&nbsp;r\u00e8gle fondamentale&nbsp;\u00bb en associant librement, c&rsquo;est-\u00e0-dire en verbalisant tout ce qui lui vient \u00e0 l\u2019esprit lors de la s\u00e9ance, m\u00eame ce qui lui para\u00eet d\u00e9sagr\u00e9able, incongru ou inconvenant. Ceci est destin\u00e9 \u00e0 favoriser l\u2019\u00e9closion de processus inconscients, parmi lesquels les r\u00eaves, les lapsus et les actes manqu\u00e9s qui seront analys\u00e9s et interpr\u00e9t\u00e9s. Le travail psychanalytique vise \u00e0&nbsp;<strong>l\u2019autonomie&nbsp;<\/strong>du sujet, qui doit \u00eatre capable, non plus de subir son histoire, mais de la vivre \u00e0 la premi\u00e8re personne.<\/p>\n\n\n\n<p>A l\u2019issue des premiers entretiens, en fonction de ce qu\u2019il aura entendu et observ\u00e9, le psychanalyste pourra proposer deux types de cadres de travail psychanalytique diff\u00e9rents&nbsp;:<\/p>\n\n\n\n<p>&#8211;&nbsp;<strong>La psychanalyse<\/strong>, ou cure classique, n\u00e9cessite trois ou quatre s\u00e9ances hebdomadaires de 45 minutes, allong\u00e9 sur le divan, ce qui favorise la d\u00e9tente musculaire, facilite la r\u00e9gression et permet un travail en profondeur. C\u2019est un travail de longue haleine qui n\u00e9cessite un engagement sur plusieurs ann\u00e9es.&nbsp;<\/p>\n\n\n\n<p>&#8211;&nbsp;<strong>La psychoth\u00e9rapie en face \u00e0 face<\/strong>, \u00e0 raison d\u2019une ou deux s\u00e9ances par semaine, parfois trois, permet \u00e9galement un travail sur soi. En mettant en jeu la pr\u00e9sence physique, visuelle, du psychanalyste, elle offre au patient un support narcissique rassurant. Une psychoth\u00e9rapie peut durer de quelques mois \u00e0 plusieurs ann\u00e9es.<\/p>\n\n\n\n<p>Quel que soit le cadre retenu, la&nbsp;<strong>fr\u00e9quence et la r\u00e9gularit\u00e9 des s\u00e9ances<\/strong>&nbsp;assurent la continuit\u00e9 du processus. Un rythme soutenu (plusieurs s\u00e9ances par semaine) permet d\u2019avancer plus vite en limitant les r\u00e9sistances.<\/p>\n\n\n\n<figure class=\"wp-block-image size-full\"><img loading=\"lazy\" decoding=\"async\" width=\"619\" height=\"362\" src=\"https:\/\/psychologue-paris.com\/wp-content\/uploads\/2025\/07\/ght.jpg\" alt=\"psychanalyse ou psychoth\u00e9rapie\" class=\"wp-image-335\" srcset=\"https:\/\/psychologue-paris.com\/wp-content\/uploads\/2025\/07\/ght.jpg 619w, https:\/\/psychologue-paris.com\/wp-content\/uploads\/2025\/07\/ght-300x175.jpg 300w, https:\/\/psychologue-paris.com\/wp-content\/uploads\/2025\/07\/ght-462x270.jpg 462w\" sizes=\"auto, (max-width: 619px) 100vw, 619px\" \/><\/figure>\n\n\n\n<p><strong>La dur\u00e9e de l\u2019analyse<\/strong>&nbsp;d\u00e9pend nombreux facteurs, dont la probl\u00e9matique de d\u00e9part et l\u2019ampleur du travail \u00e0 accomplir, les r\u00e9sistances au travail, les objectifs personnels de l\u2019analysant. Il arrive que l\u2019analysant souhaite interrompre pr\u00e9matur\u00e9ment son traitement. Si le psychanalyste peut alors juger inopportun de mettre fin au travail, il est de son devoir de le faire savoir \u00e0 l\u2019analysant, mais il ne peut nullement emp\u00eacher celui-ci d\u2019en d\u00e9cider autrement.<\/p>\n\n\n\n<p><strong>Fin de l\u2019analyse.<\/strong>&nbsp;On consid\u00e8re que l\u2019analyse est termin\u00e9e quand l\u2019analysant \u00ab&nbsp;ne souffre plus de ses sympt\u00f4mes et a surmont\u00e9 ses angoisses comme ses inhibitions&nbsp;\u00bb et que \u00ab&nbsp;l\u2019analyste juge que chez le patient tant de refoul\u00e9 a \u00e9t\u00e9 rendu conscient, tant d\u2019incompr\u00e9hensible \u00e9lucid\u00e9, tant de r\u00e9sistance int\u00e9rieure vaincue, que l\u2019on n\u2019a pas \u00e0 craindre la r\u00e9p\u00e9tition des processus pathologiques en question&nbsp;\u00bb (Freud). On comprend donc qu\u2019un travail analytique prenne du temps. Lorsque le processus se d\u00e9roule normalement, la fin de l\u2019analyse, c&rsquo;est-\u00e0-dire la fin du travail en commun de l\u2019analysant et de l\u2019analyste, est d\u00e9cid\u00e9e&nbsp;<strong>d\u2019un commun accord <\/strong>entre les deux protagonistes.<\/p>\n","protected":false},"excerpt":{"rendered":"<p>Une psychanalyse, pour quoi faire ? Freud d\u00e9finit la psychanalyse de trois mani\u00e8res diff\u00e9rentes. Il s\u2019agit&nbsp;: &#8211; D\u2019un proc\u00e9d\u00e9 pour l\u2019investigation de processus mentaux \u00e0 peu pr\u00e8s inaccessibles autrement&nbsp;; &#8211; D\u2019une m\u00e9thode fond\u00e9e sur cette investigation pour le traitement de d\u00e9sordres n\u00e9vrotiques&nbsp;; &#8211; D\u2019une s\u00e9rie de conceptions psychologiques acquises par ce moyen et qui&#8230;<\/p>\n<p class=\"read-more\"><a class=\"btn btn-default\" href=\"https:\/\/psychologue-paris.com\/?page_id=44\"> Read More<span class=\"screen-reader-text\">  Read More<\/span><\/a><\/p>\n","protected":false},"author":1,"featured_media":0,"parent":0,"menu_order":0,"comment_status":"closed","ping_status":"closed","template":"","meta":{"footnotes":""},"class_list":["post-44","page","type-page","status-publish","hentry"],"_links":{"self":[{"href":"https:\/\/psychologue-paris.com\/index.php?rest_route=\/wp\/v2\/pages\/44","targetHints":{"allow":["GET"]}}],"collection":[{"href":"https:\/\/psychologue-paris.com\/index.php?rest_route=\/wp\/v2\/pages"}],"about":[{"href":"https:\/\/psychologue-paris.com\/index.php?rest_route=\/wp\/v2\/types\/page"}],"author":[{"embeddable":true,"href":"https:\/\/psychologue-paris.com\/index.php?rest_route=\/wp\/v2\/users\/1"}],"replies":[{"embeddable":true,"href":"https:\/\/psychologue-paris.com\/index.php?rest_route=%2Fwp%2Fv2%2Fcomments&post=44"}],"version-history":[{"count":5,"href":"https:\/\/psychologue-paris.com\/index.php?rest_route=\/wp\/v2\/pages\/44\/revisions"}],"predecessor-version":[{"id":336,"href":"https:\/\/psychologue-paris.com\/index.php?rest_route=\/wp\/v2\/pages\/44\/revisions\/336"}],"wp:attachment":[{"href":"https:\/\/psychologue-paris.com\/index.php?rest_route=%2Fwp%2Fv2%2Fmedia&parent=44"}],"curies":[{"name":"wp","href":"https:\/\/api.w.org\/{rel}","templated":true}]}}