{"id":46,"date":"2025-07-16T15:04:17","date_gmt":"2025-07-16T15:04:17","guid":{"rendered":"https:\/\/psychologue-paris.com\/?page_id=46"},"modified":"2025-07-17T19:37:03","modified_gmt":"2025-07-17T19:37:03","slug":"psychanalyse","status":"publish","type":"page","link":"https:\/\/psychologue-paris.com\/?page_id=46","title":{"rendered":"Psychanalyse"},"content":{"rendered":"\n<h3 class=\"wp-block-heading\"><a>Les diff\u00e9rents psys <\/a><\/h3>\n\n\n\n<p><strong>Psychologue clinicien<\/strong>&nbsp;: Le psychologue clinicien est titulaire d&rsquo;un Dipl\u00f4me d&rsquo;Etudes Sup\u00e9rieures Sp\u00e9cialis\u00e9es ou Master 2 en psychopathologie clinique d\u00e9livr\u00e9 apr\u00e8s un minimum de cinq ann\u00e9es d&rsquo;\u00e9tudes \u00e0 l&rsquo;universit\u00e9 et des stages professionnels en institution. S&rsquo;il a suivi une formation sp\u00e9cifique de psychanalyse ou de psychoth\u00e9rapie, en faisant lui-m\u00eame une psychanalyse ou une psychoth\u00e9rapie, il peut \u00eatre psychanalyste et\/ou psychoth\u00e9rapeute.<\/p>\n\n\n\n<p>N.B.&nbsp;: Aujourd\u2019hui, nombre de psychologues cliniciens dipl\u00f4m\u00e9s de l\u2019Universit\u00e9 renoncent \u00e0 faire usage de leur titre afin de garder leur ind\u00e9pendance professionnelle. Il convient donc de vous assurer que le psy que vous souhaitez consulter est titulaire d\u2019un DESS ou d\u2019un Master 2 en psychologie.<\/p>\n\n\n\n<p><strong>Psychanalyste<\/strong>&nbsp;: Le psychanalyste a fait l&rsquo;exp\u00e9rience d&rsquo;une psychanalyse et suivi une formation dispens\u00e9e par une \u00e9cole de psychanalyse reconnue, comme la Soci\u00e9t\u00e9 Psychanalytique de Paris (SPP). Cependant, pour l&rsquo;instant, aucun texte de loi ne prot\u00e8ge cette fonction qui peut \u00eatre revendiqu\u00e9e par des personnes ne poss\u00e9dant pas les comp\u00e9tences requises. C&rsquo;est pourquoi, avant de consulter, il convient de s&rsquo;assurer que le psychanalyste appartienne bien \u00e0 une \u00c9cole reconnue.<\/p>\n\n\n\n<p><strong>Psychoth\u00e9rapeute<\/strong>&nbsp;: Le psychoth\u00e9rapeute a suivi l&rsquo;enseignement d&rsquo;une \u00e9cole de psychoth\u00e9rapie et effectu\u00e9 un travail personnel correspondant aux r\u00e9f\u00e9rences th\u00e9oriques de cette \u00e9cole. N\u00e9anmoins, cette d\u00e9nomination a longtemps \u00e9t\u00e9 usurp\u00e9e. Le d\u00e9cret de mai 2011 octroie \u00e0 pr\u00e9sent le titre de psychoth\u00e9rapeute aux praticiens d\u00fbment enregistr\u00e9s aupr\u00e8s de l&rsquo;Agence R\u00e9gionale de Sant\u00e9 de leur lieu d&rsquo;exercice.<\/p>\n\n\n\n<p><strong>Psychosomaticien<\/strong>&nbsp;: Le psychosomaticien est un psychanalyste form\u00e9 dans une \u00c9cole de psychanalyse reconnue, qui a suivi une formation sp\u00e9cifique en psychosomatique. Son approche psychoth\u00e9rapeutique prend en compte l&rsquo;unit\u00e9 corps-psych\u00e9.<\/p>\n\n\n\n<p><strong>Psychop\u00e9dagogue<\/strong>&nbsp;: Le psychop\u00e9dagogue travaille \u00e0 la limite entre les domaines psychique et cognitif. Il n&rsquo;existe pas de formation sp\u00e9cifique en France pour devenir psychop\u00e9dagogue. Il est important que le psychop\u00e9dagogue ait fait un travail personnel et soit au fait du fonctionnement cognitif.<\/p>\n\n\n\n<p><strong>Psychiatre<\/strong>&nbsp;: Le psychiatre est un m\u00e9decin qui peut prescrire un traitement m\u00e9dicamenteux. En principe, un psychiatre traitant (qui prescrit des m\u00e9dicaments) ne saurait suivre le m\u00eame patient pour un travail psychanalytique ou psychoth\u00e9rapique.<\/p>\n\n\n\n<p>Psychanalyste et psychosomaticienne install\u00e9e \u00e0 Paris 16\u00e8me, \u00e0 proximit\u00e9 de Boulogne-Billancourt, je re\u00e7ois \u00e0 mon cabinet de psychologie des&nbsp;<strong>enfants<\/strong>, des&nbsp;<strong>adolescents<\/strong>&nbsp;et des&nbsp;&nbsp;<strong>adultes.&nbsp;<\/strong>Je consulte \u00e9galement \u00e0 distance par t\u00e9l\u00e9phone.<\/p>\n\n\n\n<p>Je propose \u00e9galement \u00e0 ma client\u00e8le des consultations en ligne et par t\u00e9l\u00e9phone.<\/p>\n\n\n\n<figure class=\"wp-block-image size-full\"><img loading=\"lazy\" decoding=\"async\" width=\"619\" height=\"415\" src=\"https:\/\/psychologue-paris.com\/wp-content\/uploads\/2025\/07\/4-les-psychotherapies.jpg\" alt=\"la psychoth\u00e9rapie fait grandir\" class=\"wp-image-315\" srcset=\"https:\/\/psychologue-paris.com\/wp-content\/uploads\/2025\/07\/4-les-psychotherapies.jpg 619w, https:\/\/psychologue-paris.com\/wp-content\/uploads\/2025\/07\/4-les-psychotherapies-300x201.jpg 300w, https:\/\/psychologue-paris.com\/wp-content\/uploads\/2025\/07\/4-les-psychotherapies-403x270.jpg 403w\" sizes=\"auto, (max-width: 619px) 100vw, 619px\" \/><\/figure>\n\n\n\n<h3 class=\"wp-block-heading\"><a>Les psychoth\u00e9rapies &#8211; Paris<\/a><\/h3>\n\n\n\n<p>Il existe un tr\u00e8s grand nombre de psychoth\u00e9rapies (plus de 450).<\/p>\n\n\n\n<p>La&nbsp;psychanalyse&nbsp;est la principale r\u00e9f\u00e9rence en France. Etant donn\u00e9 les contraintes et le co\u00fbt d&rsquo;une psychanalyse, la technique a \u00e9t\u00e9 adapt\u00e9e en fonction des patients<\/p>\n\n\n\n<p>On distingue&nbsp;:<\/p>\n\n\n\n<p>La&nbsp;<strong>cure psychanalytique<\/strong>, encore d\u00e9nomm\u00e9e psychanalyse ou analyse, qui se d\u00e9roule \u00e0 raison de 3 ou 4 s\u00e9ances hebdomadaires : le patient est allong\u00e9 sur le divan, le psychanalyste se trouvant hors de son champ visuel. L&rsquo;analysant associe librement \u00e0 partir de ce qui lui vient \u00e0 l&rsquo;instant&nbsp;<em>t<\/em>, de ses r\u00eaves, de ses actes manqu\u00e9s, afin de lever les refoulements remontant \u00e0 sa petite enfance, sources de conflits s&rsquo;exprimant par des sympt\u00f4mes dans le pr\u00e9sent.<\/p>\n\n\n\n<p>La&nbsp;<strong>psychoth\u00e9rapie psychanalytique en face \u00e0 face&nbsp;<\/strong>est fond\u00e9e sur le m\u00eame principe d&rsquo;association que la cure psychanalytique, mais le patient est assis face \u00e0 l&rsquo;analyste, ce qui favorise un certain \u00e9tayage mais constitue un frein \u00e0 la r\u00e9gression.<\/p>\n\n\n\n<p>La&nbsp;<strong>psychoth\u00e9rapie analytique de relaxation&nbsp;ou psychoth\u00e9rapie corporelle&nbsp;<\/strong>met le patient en lien avec son corps.<\/p>\n\n\n\n<p>Le&nbsp;<strong>psychodrame psychanalytique<\/strong>&nbsp;individuel ou en groupe s&rsquo;adresse \u00e0 des patients qui rencontrent des difficult\u00e9s \u00e0 verbaliser.<\/p>\n\n\n\n<p>Les th\u00e9rapies cognitivo-comportementales (TCC) visent \u00e0 d\u00e9sensibiliser le patient afin de le lib\u00e9rer de son sympt\u00f4me. Elles peuvent parfois rapidement soulager le malade mais ont une efficacit\u00e9 souvent limit\u00e9e dans le temps. En effet, elles ne prennent en compte que l&rsquo;actualit\u00e9 du sympt\u00f4me mais, \u00e0 l&rsquo;inverse de la psychanalyse et des psychoth\u00e9rapies psychanalytiques, ne traitent pas la racine du mal qui resurgira sous une autre forme.<\/p>\n\n\n\n<p>L\u2019hypnose, en particulier l\u2019hypnose \u00e9ricksonienne, est un \u00e9tat modifi\u00e9 de conscience visant \u00e0 mieux se conna\u00eetre. L\u2019hypnose peut \u00eatre int\u00e9ressante en compl\u00e9ment d\u2019une psychoth\u00e9rapie pour venir \u00e0 bout d\u2019une r\u00e9sistance.<\/p>\n\n\n\n<p>Psychanalyste et psychosomaticienne install\u00e9e \u00e0 Paris 16\u00e8me, \u00e0 proximit\u00e9 de Boulogne-Billancourt, je re\u00e7ois \u00e0 mon cabinet de psychologie des&nbsp;<strong>enfants<\/strong>, des&nbsp;<strong>adolescents<\/strong>&nbsp;et <a>des&nbsp;<strong>adultes<\/strong><\/a>&nbsp;<strong>.&nbsp;<\/strong>Je consulte \u00e9galement \u00e0 distance par t\u00e9l\u00e9phone.<\/p>\n\n\n\n<figure class=\"wp-block-image size-full\"><img loading=\"lazy\" decoding=\"async\" width=\"619\" height=\"348\" src=\"https:\/\/psychologue-paris.com\/wp-content\/uploads\/2025\/07\/2-ce-que-je-vous-propose.jpg\" alt=\"je vous propose de vous accompagner et de vous soutenir\" class=\"wp-image-317\" srcset=\"https:\/\/psychologue-paris.com\/wp-content\/uploads\/2025\/07\/2-ce-que-je-vous-propose.jpg 619w, https:\/\/psychologue-paris.com\/wp-content\/uploads\/2025\/07\/2-ce-que-je-vous-propose-300x169.jpg 300w, https:\/\/psychologue-paris.com\/wp-content\/uploads\/2025\/07\/2-ce-que-je-vous-propose-480x270.jpg 480w\" sizes=\"auto, (max-width: 619px) 100vw, 619px\" \/><\/figure>\n\n\n\n<h3 class=\"wp-block-heading\"><a>Ce que je vous propose : Psychanalyse \u00e0 Paris<\/a>&nbsp;<\/h3>\n\n\n\n<p>Apr\u00e8s une prise de contact qui me permettra, au cours d&rsquo;un premier entretien, d&rsquo;\u00e9valuer votre demande et votre fonctionnement psychique, je serai en mesure de vous proposer l&rsquo;aide la mieux adapt\u00e9e \u00e0 vos besoins.&nbsp;<\/p>\n\n\n\n<p>Ce pourra \u00eatre&nbsp;:<\/p>\n\n\n\n<ul class=\"wp-block-list\">\n<li>Une&nbsp;<a href=\"https:\/\/www.psychanalyste-paris-16.fr\/psychanalyse-pour-quoi-faire.php\"><strong>psychanalyse<\/strong><\/a>, qui repr\u00e9sente un travail en profondeur qui implique un investissement cons\u00e9quent en temps et en argent.<\/li>\n<\/ul>\n\n\n\n<ul class=\"wp-block-list\">\n<li>Une psychoth\u00e9rapie en face \u00e0 face, dont le rythme des s\u00e9ances (une ou deux par semaine) et la dur\u00e9e s&rsquo;adaptent plus facilement aux conditions de vie actuelles.<\/li>\n<\/ul>\n\n\n\n<ul class=\"wp-block-list\">\n<li>Des entretiens de soutien qui visent \u00e0 traiter d&rsquo;un probl\u00e8me limit\u00e9 et clairement d\u00e9fini d&#8217;embl\u00e9e.<\/li>\n<\/ul>\n\n\n\n<ul class=\"wp-block-list\">\n<li>Une&nbsp;<strong>aide psychop\u00e9dagogique<\/strong>, qui permet \u00e0 un enfant\/adolescent en situation d&rsquo;\u00e9chec scolaire de d\u00e9passer certaines difficult\u00e9s m\u00e9thodologiques rencontr\u00e9es dans les apprentissages.<\/li>\n<\/ul>\n\n\n\n<p>Suite \u00e0 ce premier entretien, vous serez \u00e9galement \u00e0 m\u00eame d&rsquo;\u00e9valuer votre d\u00e9sir d&rsquo;entreprendre un travail avec moi.<\/p>\n\n\n\n<p class=\"has-black-color has-text-color has-link-color wp-elements-83a40edc8fbd89592d299ec613a46013\">Psychanalyste et psychosomaticienne install\u00e9e \u00e0 Paris 16\u00e8me, \u00e0 proximit\u00e9 de Boulogne-Billancourt, je re\u00e7ois \u00e0 mon cabinet de psychologie des&nbsp;<strong>enfants<\/strong>, des&nbsp;<strong>adolescents<\/strong>&nbsp;et des&nbsp;&nbsp;<strong>adultes<\/strong>&nbsp;<strong>.&nbsp;<\/strong>Je consulte \u00e9galement \u00e0 distance par t\u00e9l\u00e9phone. J\u2019ai suivi de nombreuses formations et occup\u00e9 divers postes de Psychologue clinicienne dans plusieurs cadres professionnels.<\/p>\n","protected":false},"excerpt":{"rendered":"<p>Les diff\u00e9rents psys Psychologue clinicien&nbsp;: Le psychologue clinicien est titulaire d&rsquo;un Dipl\u00f4me d&rsquo;Etudes Sup\u00e9rieures Sp\u00e9cialis\u00e9es ou Master 2 en psychopathologie clinique d\u00e9livr\u00e9 apr\u00e8s un minimum de cinq ann\u00e9es d&rsquo;\u00e9tudes \u00e0 l&rsquo;universit\u00e9 et des stages professionnels en institution. S&rsquo;il a suivi une formation sp\u00e9cifique de psychanalyse ou de psychoth\u00e9rapie, en faisant lui-m\u00eame une psychanalyse ou&#8230;<\/p>\n<p class=\"read-more\"><a class=\"btn btn-default\" href=\"https:\/\/psychologue-paris.com\/?page_id=46\"> Read More<span class=\"screen-reader-text\">  Read More<\/span><\/a><\/p>\n","protected":false},"author":1,"featured_media":0,"parent":0,"menu_order":0,"comment_status":"closed","ping_status":"closed","template":"","meta":{"footnotes":""},"class_list":["post-46","page","type-page","status-publish","hentry"],"_links":{"self":[{"href":"https:\/\/psychologue-paris.com\/index.php?rest_route=\/wp\/v2\/pages\/46","targetHints":{"allow":["GET"]}}],"collection":[{"href":"https:\/\/psychologue-paris.com\/index.php?rest_route=\/wp\/v2\/pages"}],"about":[{"href":"https:\/\/psychologue-paris.com\/index.php?rest_route=\/wp\/v2\/types\/page"}],"author":[{"embeddable":true,"href":"https:\/\/psychologue-paris.com\/index.php?rest_route=\/wp\/v2\/users\/1"}],"replies":[{"embeddable":true,"href":"https:\/\/psychologue-paris.com\/index.php?rest_route=%2Fwp%2Fv2%2Fcomments&post=46"}],"version-history":[{"count":11,"href":"https:\/\/psychologue-paris.com\/index.php?rest_route=\/wp\/v2\/pages\/46\/revisions"}],"predecessor-version":[{"id":318,"href":"https:\/\/psychologue-paris.com\/index.php?rest_route=\/wp\/v2\/pages\/46\/revisions\/318"}],"wp:attachment":[{"href":"https:\/\/psychologue-paris.com\/index.php?rest_route=%2Fwp%2Fv2%2Fmedia&parent=46"}],"curies":[{"name":"wp","href":"https:\/\/api.w.org\/{rel}","templated":true}]}}