{"id":48,"date":"2025-07-16T15:04:18","date_gmt":"2025-07-16T15:04:18","guid":{"rendered":"https:\/\/psychologue-paris.com\/?page_id=48"},"modified":"2025-07-17T19:05:48","modified_gmt":"2025-07-17T19:05:48","slug":"specialites","status":"publish","type":"page","link":"https:\/\/psychologue-paris.com\/?page_id=48","title":{"rendered":"Sp\u00e9cialit\u00e9s"},"content":{"rendered":"\n<h3 class=\"wp-block-heading\"><a>Les sp\u00e9cialit\u00e9s de votre psychanalyste \u00e0 Paris<\/a><\/h3>\n\n\n\n<p>De nombreuses raisons peuvent vous amener \u00e0 consulter un&nbsp;<strong>psychologue psychanalyste<\/strong>. Vous en trouverez un certain nombre parmi les plus courantes dans la liste ci-dessous, qui n&rsquo;est bien s\u00fbr pas exhaustive.<\/p>\n\n\n\n<p>En fait, souvent, on va consulter un psychologue psychanalyste pour un trouble qui ne sert que de masque \u00e0 autre chose de bien plus profond, que&nbsp;<strong>le travail psychanalytique<\/strong>&nbsp;d\u00e9voilera au cours de la psychanalyse ou de la psychoth\u00e9rapie.<\/p>\n\n\n\n<p>Il se peut aussi que vous vous posiez des questions sur vous-m\u00eame et ne parveniez \u00e0 trouver seul une r\u00e9ponse, auquel cas une psychanalyse ou une psychoth\u00e9rapie pourra vous aider \u00e0 mieux vous conna\u00eetre.<\/p>\n\n\n\n<p>Voici quelques motifs courants de consultation, mais il y en a bien d&rsquo;autres qui vous sont personnels :<\/p>\n\n\n\n<p><a href=\"https:\/\/psychologue-paris.com\/?page_id=101\" data-type=\"page\" data-id=\"101\" target=\"_blank\" rel=\"noreferrer noopener\">Mal-\u00eatre<\/a><\/p>\n\n\n\n<p><a href=\"https:\/\/psychologue-paris.com\/?page_id=102\" data-type=\"page\" data-id=\"102\" target=\"_blank\" rel=\"noreferrer noopener\">Troubles psychosomatiques<\/a><\/p>\n\n\n\n<p><a href=\"https:\/\/psychologue-paris.com\/?page_id=142\" data-type=\"page\" data-id=\"142\">Troubles cognitifs<\/a><\/p>\n\n\n\n<p><a href=\"https:\/\/psychologue-paris.com\/?page_id=211\" data-type=\"page\" data-id=\"211\" target=\"_blank\" rel=\"noreferrer noopener\">Autres troubles<\/a><\/p>\n\n\n\n<p>Certains motifs de consultation ne rel\u00e8vent pas des rubriques ci-dessus, comme&nbsp;l&rsquo;hyperactivit\u00e9, les&nbsp;difficult\u00e9s sexuelles&nbsp;(frigidit\u00e9, impuissance, questions relatives \u00e0 sa pr\u00e9f\u00e9rence sexuelle, etc.), les&nbsp;<strong>phobies<\/strong>&nbsp;(phobie des animaux, phobie des moyens de transport, agoraphobie, etc.), les&nbsp;<strong>troubles obsessionnels compulsifs<\/strong>&nbsp;(TOC), et bien d&rsquo;autres encore.<\/p>\n\n\n\n<p>Si vous n&rsquo;avez pas trouv\u00e9 dans cette liste de troubles ce qui motive votre d\u00e9sir de rencontrer un psychologue psychanalyste, ce n&rsquo;est pas \u00e9tonnant, car elle est forc\u00e9ment incompl\u00e8te puisque chacun d&rsquo;entre nous est un \u00eatre unique qui a sa propre histoire et sa propre motivation \u00e0 consulter.<\/p>\n","protected":false},"excerpt":{"rendered":"<p>Les sp\u00e9cialit\u00e9s de votre psychanalyste \u00e0 Paris De nombreuses raisons peuvent vous amener \u00e0 consulter un&nbsp;psychologue psychanalyste. Vous en trouverez un certain nombre parmi les plus courantes dans la liste ci-dessous, qui n&rsquo;est bien s\u00fbr pas exhaustive. En fait, souvent, on va consulter un psychologue psychanalyste pour un trouble qui ne sert que de&#8230;<\/p>\n<p class=\"read-more\"><a class=\"btn btn-default\" href=\"https:\/\/psychologue-paris.com\/?page_id=48\"> Read More<span class=\"screen-reader-text\">  Read More<\/span><\/a><\/p>\n","protected":false},"author":1,"featured_media":0,"parent":0,"menu_order":0,"comment_status":"closed","ping_status":"closed","template":"","meta":{"footnotes":""},"class_list":["post-48","page","type-page","status-publish","hentry"],"_links":{"self":[{"href":"https:\/\/psychologue-paris.com\/index.php?rest_route=\/wp\/v2\/pages\/48","targetHints":{"allow":["GET"]}}],"collection":[{"href":"https:\/\/psychologue-paris.com\/index.php?rest_route=\/wp\/v2\/pages"}],"about":[{"href":"https:\/\/psychologue-paris.com\/index.php?rest_route=\/wp\/v2\/types\/page"}],"author":[{"embeddable":true,"href":"https:\/\/psychologue-paris.com\/index.php?rest_route=\/wp\/v2\/users\/1"}],"replies":[{"embeddable":true,"href":"https:\/\/psychologue-paris.com\/index.php?rest_route=%2Fwp%2Fv2%2Fcomments&post=48"}],"version-history":[{"count":5,"href":"https:\/\/psychologue-paris.com\/index.php?rest_route=\/wp\/v2\/pages\/48\/revisions"}],"predecessor-version":[{"id":301,"href":"https:\/\/psychologue-paris.com\/index.php?rest_route=\/wp\/v2\/pages\/48\/revisions\/301"}],"wp:attachment":[{"href":"https:\/\/psychologue-paris.com\/index.php?rest_route=%2Fwp%2Fv2%2Fmedia&parent=48"}],"curies":[{"name":"wp","href":"https:\/\/api.w.org\/{rel}","templated":true}]}}